{"id":3804,"date":"2019-09-26T14:42:16","date_gmt":"2019-09-26T14:42:16","guid":{"rendered":"https:\/\/crownworkspace.com\/ch\/?page_id=3804"},"modified":"2024-07-31T06:59:49","modified_gmt":"2024-07-31T06:59:49","slug":"notre-equipe","status":"publish","type":"page","link":"https:\/\/crownworkspace.com\/ch\/notre-equipe\/","title":{"rendered":"Notre \u00e9quipe"},"content":{"rendered":"<div class='content-column one_half'><div class=\"opening-body-text\">\n<p>L&#8217;exp\u00e9rience et la vision assure un service de qualit\u00e9<\/p>\n<\/div><\/div>\n<div class='content-column one_half last_column'><div class=\"large-body-text\">\n<div class=\"orange-border-left\">\n<p>Ce sont les gens qui font la diff\u00e9rence. Alliant connaissances et enthousiasme, notre \u00e9quipe fera tout son possible pour faire de votre projet un succ\u00e8s. Venez nous rencontrer.<\/p>\n<\/div>\n<\/div><\/div><div class='clear_column'><\/div><br \/>\n&nbsp;<\/p>\n<h2 class=\"page-title\">Switzerland<\/h2>\n<div class=\"component grid grid--four-col\">\n<div class=\"grid__item\">\n<div class=\"card\">\n\t\t\t\t\t\t\t\t\t\t\t\t\t\t\t<img width=\"256\" height=\"348\" src=\"https:\/\/crownworkspace.com\/ch\/wp-content\/uploads\/sites\/8\/2022\/08\/Basile-updated-headshot-modified.jpg\" class=\"card__image\" alt=\"\" decoding=\"async\" fetchpriority=\"high\" srcset=\"https:\/\/crownworkspace.com\/ch\/wp-content\/uploads\/sites\/8\/2022\/08\/Basile-updated-headshot-modified.jpg 256w, https:\/\/crownworkspace.com\/ch\/wp-content\/uploads\/sites\/8\/2022\/08\/Basile-updated-headshot-modified-221x300.jpg 221w, https:\/\/crownworkspace.com\/ch\/wp-content\/uploads\/sites\/8\/2022\/08\/Basile-updated-headshot-modified-206x280.jpg 206w\" sizes=\"(max-width: 256px) 100vw, 256px\">\t\t\t\t\t\t\t\t<!-- \/.card__image --><\/p>\n<h5 class=\"card__title\">Basile Laune<\/h5>\n<h6 class=\"card__subtitle\"><strong>Crown Workspace Business Development Manager<\/strong><\/h6>\n<div class=\"card__text\">\n<p style=\"font-size:20px\"><a href=\"mailto:blaune@crownww.com\">blaune@crownww.com<\/a><\/p>\n<\/div>\n<p>\t\t\t\t\t\t\t\t<!-- \/.card__text -->\n\t\t\t\t\t\t\t\t\t\t\t\t\t<\/div>\n<p>\t\t\t\t\t\t<!-- \/.card -->\n\t\t\t\t\t<\/div>\n<p>\t\t\t\t\t<!-- \/.item --><\/p>\n<div class=\"grid__item\">\n<div class=\"card\">\n\t\t\t\t\t\t\t\t\t\t\t\t\t\t\t<img width=\"500\" height=\"625\" src=\"https:\/\/crownworkspace.com\/ch\/wp-content\/uploads\/sites\/8\/2022\/04\/rsz_2youenn_rayer_headshot-ConvertImage.jpg\" class=\"card__image\" alt=\"\" decoding=\"async\" srcset=\"https:\/\/crownworkspace.com\/ch\/wp-content\/uploads\/sites\/8\/2022\/04\/rsz_2youenn_rayer_headshot-ConvertImage.jpg 600w, https:\/\/crownworkspace.com\/ch\/wp-content\/uploads\/sites\/8\/2022\/04\/rsz_2youenn_rayer_headshot-ConvertImage-240x300.jpg 240w, https:\/\/crownworkspace.com\/ch\/wp-content\/uploads\/sites\/8\/2022\/04\/rsz_2youenn_rayer_headshot-ConvertImage-224x280.jpg 224w, https:\/\/crownworkspace.com\/ch\/wp-content\/uploads\/sites\/8\/2022\/04\/rsz_2youenn_rayer_headshot-ConvertImage-530x663.jpg 530w\" sizes=\"(max-width: 500px) 100vw, 500px\">\t\t\t\t\t\t\t\t<!-- \/.card__image --><\/p>\n<h5 class=\"card__title\">Youenn Rayer<\/h5>\n<h6 class=\"card__subtitle\"><strong>Crown Workspace Business Unit Manager<\/strong><\/h6>\n<div class=\"card__text\">\n<p style=\"font-size:20px\"><a href=\"mailto:yrayer@crownww.com\">yrayer@crownww.com<\/a><\/p>\n<\/div>\n<p>\t\t\t\t\t\t\t\t<!-- \/.card__text -->\n\t\t\t\t\t\t\t\t\t\t\t\t\t<\/div>\n<p>\t\t\t\t\t\t<!-- \/.card -->\n\t\t\t\t\t<\/div>\n<p>\t\t\t\t\t<!-- \/.item -->\n\t\t\t\t\t\t\t\t<\/div>\n<h2 class=\"page-title\">Italy<\/h2>\n<div class=\"component grid grid--four-col\">\n<div class=\"grid__item\">\n<div class=\"card\">\n\t\t\t\t\t\t\t\t\t\t\t\t\t\t\t<img width=\"240\" height=\"240\" src=\"https:\/\/crownworkspace.com\/it\/wp-content\/uploads\/sites\/22\/2023\/11\/imageedit_1_4790436195.jpg\" class=\"card__image\" alt=\"\" decoding=\"async\" fetchpriority=\"high\" srcset=\"https:\/\/crownworkspace.com\/it\/wp-content\/uploads\/sites\/22\/2023\/11\/imageedit_1_4790436195.jpg 240w, https:\/\/crownworkspace.com\/it\/wp-content\/uploads\/sites\/22\/2023\/11\/imageedit_1_4790436195-150x150.jpg 150w\" sizes=\"(max-width: 240px) 100vw, 240px\">\t\t\t\t\t\t\t\t<!-- \/.card__image --><\/p>\n<h5 class=\"card__title\">Matteo Calza<\/h5>\n<h6 class=\"card__subtitle\"><strong>Workspace BU Manager<\/strong><\/h6>\n<div class=\"card__text\">\n<p style=\"font-size:20px\"><a href=\"mailto:mcalza@crownww.com\">mcalza@crownww.com<\/a><\/p>\n<\/div>\n<p>\t\t\t\t\t\t\t\t<!-- \/.card__text -->\n\t\t\t\t\t\t\t\t\t\t\t\t\t<\/div>\n<p>\t\t\t\t\t\t<!-- \/.card -->\n\t\t\t\t\t<\/div>\n<p>\t\t\t\t\t<!-- \/.item --><\/p>\n<div class=\"grid__item\">\n<div class=\"card\">\n\t\t\t\t\t\t\t\t\t\t\t\t\t\t\t<img width=\"240\" height=\"240\" src=\"https:\/\/crownworkspace.com\/it\/wp-content\/uploads\/sites\/22\/2023\/11\/Diego-Bonizzoni-headshot-modified.png\" class=\"card__image\" alt=\"\" decoding=\"async\" srcset=\"https:\/\/crownworkspace.com\/it\/wp-content\/uploads\/sites\/22\/2023\/11\/Diego-Bonizzoni-headshot-modified.png 240w, https:\/\/crownworkspace.com\/it\/wp-content\/uploads\/sites\/22\/2023\/11\/Diego-Bonizzoni-headshot-modified-150x150.png 150w\" sizes=\"(max-width: 240px) 100vw, 240px\">\t\t\t\t\t\t\t\t<!-- \/.card__image --><\/p>\n<h5 class=\"card__title\">Diego Bonizzoni<\/h5>\n<h6 class=\"card__subtitle\"><strong>Workspace Coordinator<\/strong><\/h6>\n<div class=\"card__text\">\n<p style=\"font-size:20px\"><a href=\"mailto:dbonizzoni@crownww.com\">dbonizzoni@crownww.com<\/a><\/p>\n<\/div>\n<p>\t\t\t\t\t\t\t\t<!-- \/.card__text -->\n\t\t\t\t\t\t\t\t\t\t\t\t\t<\/div>\n<p>\t\t\t\t\t\t<!-- \/.card -->\n\t\t\t\t\t<\/div>\n<p>\t\t\t\t\t<!-- \/.item --><\/p>\n<div class=\"grid__item\">\n<div class=\"card\">\n\t\t\t\t\t\t\t\t\t\t\t\t\t\t\t<img width=\"240\" height=\"240\" src=\"https:\/\/crownworkspace.com\/it\/wp-content\/uploads\/sites\/22\/2022\/03\/CWS-IT-Emanuele-headshotBW-LR.jpg\" class=\"card__image\" alt=\"\" decoding=\"async\" srcset=\"https:\/\/crownworkspace.com\/it\/wp-content\/uploads\/sites\/22\/2022\/03\/CWS-IT-Emanuele-headshotBW-LR.jpg 240w, https:\/\/crownworkspace.com\/it\/wp-content\/uploads\/sites\/22\/2022\/03\/CWS-IT-Emanuele-headshotBW-LR-150x150.jpg 150w\" sizes=\"(max-width: 240px) 100vw, 240px\">\t\t\t\t\t\t\t\t<!-- \/.card__image --><\/p>\n<h5 class=\"card__title\">Emanuele Cappelletti<\/h5>\n<h6 class=\"card__subtitle\"><strong>Business Representative<\/strong><\/h6>\n<div class=\"card__text\">\n<p style=\"font-size:20px\"><a href=\"mailto:ecappelletti@crownrelocations.com\">ecappelletti@crownrelocations.com<\/a><\/p>\n<\/div>\n<p>\t\t\t\t\t\t\t\t<!-- \/.card__text -->\n\t\t\t\t\t\t\t\t\t\t\t\t\t<\/div>\n<p>\t\t\t\t\t\t<!-- \/.card -->\n\t\t\t\t\t<\/div>\n<p>\t\t\t\t\t<!-- \/.item --><\/p>\n<div class=\"grid__item\">\n<div class=\"card\">\n\t\t\t\t\t\t\t\t\t\t\t\t\t\t\t<img width=\"240\" height=\"240\" src=\"https:\/\/crownworkspace.com\/it\/wp-content\/uploads\/sites\/22\/2022\/03\/CWS-IT-Sara-imageBW-LR.jpg\" class=\"card__image\" alt=\"\" decoding=\"async\" srcset=\"https:\/\/crownworkspace.com\/it\/wp-content\/uploads\/sites\/22\/2022\/03\/CWS-IT-Sara-imageBW-LR.jpg 240w, https:\/\/crownworkspace.com\/it\/wp-content\/uploads\/sites\/22\/2022\/03\/CWS-IT-Sara-imageBW-LR-150x150.jpg 150w\" sizes=\"(max-width: 240px) 100vw, 240px\">\t\t\t\t\t\t\t\t<!-- \/.card__image --><\/p>\n<h5 class=\"card__title\">Sara Mazzocchi<\/h5>\n<h6 class=\"card__subtitle\"><strong>RMS Assistant<\/strong><\/h6>\n<div class=\"card__text\">\n<p style=\"font-size:20px\"><a href=\"mailto:smazzocchi@crownww.com\">smazzocchi@crownww.com<\/a><\/p>\n<\/div>\n<p>\t\t\t\t\t\t\t\t<!-- \/.card__text -->\n\t\t\t\t\t\t\t\t\t\t\t\t\t<\/div>\n<p>\t\t\t\t\t\t<!-- \/.card -->\n\t\t\t\t\t<\/div>\n<p>\t\t\t\t\t<!-- \/.item -->\n\t\t\t\t\t\t\t\t<\/div>\n<h2 class=\"page-title\">France<\/h2>\n<div class=\"component grid grid--four-col\">\n<div class=\"grid__item\">\n<div class=\"card\">\n\t\t\t\t\t\t\t\t\t\t\t\t\t\t\t<img width=\"256\" height=\"348\" src=\"https:\/\/crownworkspace.com\/ch\/wp-content\/uploads\/sites\/8\/2022\/08\/Basile-updated-headshot-modified.jpg\" class=\"card__image\" alt=\"\" decoding=\"async\" fetchpriority=\"high\" srcset=\"https:\/\/crownworkspace.com\/ch\/wp-content\/uploads\/sites\/8\/2022\/08\/Basile-updated-headshot-modified.jpg 256w, https:\/\/crownworkspace.com\/ch\/wp-content\/uploads\/sites\/8\/2022\/08\/Basile-updated-headshot-modified-221x300.jpg 221w, https:\/\/crownworkspace.com\/ch\/wp-content\/uploads\/sites\/8\/2022\/08\/Basile-updated-headshot-modified-206x280.jpg 206w\" sizes=\"(max-width: 256px) 100vw, 256px\">\t\t\t\t\t\t\t\t<!-- \/.card__image --><\/p>\n<h5 class=\"card__title\">Basile Laune<\/h5>\n<h6 class=\"card__subtitle\"><strong>Crown Workspace Business Development Manager<\/strong><\/h6>\n<div class=\"card__text\">\n<p style=\"font-size:20px\"><a href=\"mailto:blaune@crownww.com\">blaune@crownww.com<\/a><\/p>\n<\/div>\n<p>\t\t\t\t\t\t\t\t<!-- \/.card__text -->\n\t\t\t\t\t\t\t\t\t\t\t\t\t<\/div>\n<p>\t\t\t\t\t\t<!-- \/.card -->\n\t\t\t\t\t<\/div>\n<p>\t\t\t\t\t<!-- \/.item --><\/p>\n<div class=\"grid__item\">\n<div class=\"card\">\n\t\t\t\t\t\t\t\t\t\t\t\t\t\t\t<img width=\"500\" height=\"625\" src=\"https:\/\/crownworkspace.com\/ch\/wp-content\/uploads\/sites\/8\/2022\/04\/rsz_2youenn_rayer_headshot-ConvertImage.jpg\" class=\"card__image\" alt=\"\" decoding=\"async\" srcset=\"https:\/\/crownworkspace.com\/ch\/wp-content\/uploads\/sites\/8\/2022\/04\/rsz_2youenn_rayer_headshot-ConvertImage.jpg 600w, https:\/\/crownworkspace.com\/ch\/wp-content\/uploads\/sites\/8\/2022\/04\/rsz_2youenn_rayer_headshot-ConvertImage-240x300.jpg 240w, https:\/\/crownworkspace.com\/ch\/wp-content\/uploads\/sites\/8\/2022\/04\/rsz_2youenn_rayer_headshot-ConvertImage-224x280.jpg 224w, https:\/\/crownworkspace.com\/ch\/wp-content\/uploads\/sites\/8\/2022\/04\/rsz_2youenn_rayer_headshot-ConvertImage-530x663.jpg 530w\" sizes=\"(max-width: 500px) 100vw, 500px\">\t\t\t\t\t\t\t\t<!-- \/.card__image --><\/p>\n<h5 class=\"card__title\">Youenn Rayer<\/h5>\n<h6 class=\"card__subtitle\"><strong>Crown Workspace Business Unit Manager<\/strong><\/h6>\n<div class=\"card__text\">\n<p style=\"font-size:20px\"><a href=\"mailto:yrayer@crownww.com\">yrayer@crownww.com<\/a><\/p>\n<\/div>\n<p>\t\t\t\t\t\t\t\t<!-- \/.card__text -->\n\t\t\t\t\t\t\t\t\t\t\t\t\t<\/div>\n<p>\t\t\t\t\t\t<!-- \/.card -->\n\t\t\t\t\t<\/div>\n<p>\t\t\t\t\t<!-- \/.item -->\n\t\t\t\t\t\t\t\t<\/div>\n<h2 class=\"page-title\">Spain<\/h2>\n<div class=\"component grid grid--four-col\">\n<div class=\"grid__item\">\n<div class=\"card\">\n\t\t\t\t\t\t\t\t\t\t\t\t\t\t\t<img decoding=\"async\" width=\"256\" height=\"348\" src=\"\/ch\/wp-content\/uploads\/sites\/8\/2024\/07\/Daniel_BW.jpg\" class=\"card__image\" alt=\"\" >\t\t\t\t\t\t\t\t<!-- \/.card__image --><\/p>\n<h5 class=\"card__title\">Daniel Mart\u00ednez<\/h5>\n<h6 class=\"card__subtitle\"><strong>Business Development Manager and Operations for Crown Workspace<\/strong><\/h6>\n<div class=\"card__text\">\n<p style=\"font-size:20px\"><a href=\"mailto:dmartinez@crownww.com\">dmartinez@crownww.com<\/a><\/p>\n<\/div>\n<p>\t\t\t\t\t\t\t\t<!-- \/.card__text -->\n\t\t\t\t\t\t\t\t\t\t\t\t\t<\/div>\n<p>\t\t\t\t\t\t<!-- \/.card -->\n\t\t\t\t\t<\/div>\n<p>\t\t\t\t\t<!-- \/.item --><\/p><\/div>\n","protected":false},"excerpt":{"rendered":"<p>&nbsp; Switzerland Basile Laune Crown Workspace Business Development Manager blaune@crownww.com Youenn Rayer Crown Workspace Business Unit Manager yrayer@crownww.com Italy Matteo Calza Workspace BU Manager mcalza@crownww.com Diego Bonizzoni Workspace Coordinator dbonizzoni@crownww.com Emanuele Cappelletti Business Representative ecappelletti@crownrelocations.com Sara Mazzocchi RMS Assistant smazzocchi@crownww.com France Basile Laune Crown Workspace Business Development Manager blaune@crownww.com Youenn Rayer Crown Workspace Business Unit [&hellip;]<\/p>\n","protected":false},"author":1,"featured_media":0,"parent":0,"menu_order":4,"comment_status":"closed","ping_status":"closed","template":"templates\/template-grid.php","meta":{"_acf_changed":false,"footnotes":""},"class_list":["post-3804","page","type-page","status-publish","hentry"],"acf":[],"yoast_head":"<!-- This site is optimized with the Yoast SEO Premium plugin v27.2 (Yoast SEO v27.2) - https:\/\/yoast.com\/product\/yoast-seo-premium-wordpress\/ -->\n<title>Notre \u00e9quipe - Crown Workspace Switzerland<\/title>\n<meta name=\"robots\" content=\"index, follow, max-snippet:-1, max-image-preview:large, max-video-preview:-1\" \/>\n<link rel=\"canonical\" href=\"https:\/\/crownworkspace.com\/ch\/notre-equipe\/\" \/>\n<meta property=\"og:locale\" content=\"en_US\" \/>\n<meta property=\"og:type\" content=\"article\" \/>\n<meta property=\"og:title\" content=\"Notre \u00e9quipe\" \/>\n<meta property=\"og:description\" content=\"&nbsp; Switzerland Basile Laune Crown Workspace Business Development Manager blaune@crownww.com Youenn Rayer Crown Workspace Business Unit Manager yrayer@crownww.com Italy Matteo Calza Workspace BU Manager mcalza@crownww.com Diego Bonizzoni Workspace Coordinator dbonizzoni@crownww.com Emanuele Cappelletti Business Representative ecappelletti@crownrelocations.com Sara Mazzocchi RMS Assistant smazzocchi@crownww.com France Basile Laune Crown Workspace Business Development Manager blaune@crownww.com Youenn Rayer Crown Workspace Business Unit [&hellip;]\" \/>\n<meta property=\"og:url\" content=\"https:\/\/crownworkspace.com\/ch\/notre-equipe\/\" \/>\n<meta property=\"og:site_name\" content=\"Crown Workspace Switzerland\" \/>\n<meta property=\"article:modified_time\" content=\"2024-07-31T06:59:49+00:00\" \/>\n<meta property=\"og:image\" content=\"https:\/\/crownworkspace.com\/ch\/wp-content\/uploads\/sites\/8\/2022\/08\/Basile-updated-headshot-modified.jpg\" \/>\n<meta name=\"twitter:card\" content=\"summary_large_image\" \/>\n<meta name=\"twitter:label1\" content=\"Est. reading time\" \/>\n\t<meta name=\"twitter:data1\" content=\"3 minutes\" \/>\n<script type=\"application\/ld+json\" class=\"yoast-schema-graph\">{\"@context\":\"https:\/\/schema.org\",\"@graph\":[{\"@type\":\"WebPage\",\"@id\":\"https:\/\/crownworkspace.com\/ch\/notre-equipe\/\",\"url\":\"https:\/\/crownworkspace.com\/ch\/notre-equipe\/\",\"name\":\"Notre \u00e9quipe - Crown Workspace Switzerland\",\"isPartOf\":{\"@id\":\"https:\/\/crownworkspace.com\/ch\/#website\"},\"primaryImageOfPage\":{\"@id\":\"https:\/\/crownworkspace.com\/ch\/notre-equipe\/#primaryimage\"},\"image\":{\"@id\":\"https:\/\/crownworkspace.com\/ch\/notre-equipe\/#primaryimage\"},\"thumbnailUrl\":\"https:\/\/crownworkspace.com\/ch\/wp-content\/uploads\/sites\/8\/2022\/08\/Basile-updated-headshot-modified.jpg\",\"datePublished\":\"2019-09-26T14:42:16+00:00\",\"dateModified\":\"2024-07-31T06:59:49+00:00\",\"breadcrumb\":{\"@id\":\"https:\/\/crownworkspace.com\/ch\/notre-equipe\/#breadcrumb\"},\"inLanguage\":\"en-CH\",\"potentialAction\":[{\"@type\":\"ReadAction\",\"target\":[\"https:\/\/crownworkspace.com\/ch\/notre-equipe\/\"]}]},{\"@type\":\"ImageObject\",\"inLanguage\":\"en-CH\",\"@id\":\"https:\/\/crownworkspace.com\/ch\/notre-equipe\/#primaryimage\",\"url\":\"https:\/\/crownworkspace.com\/ch\/wp-content\/uploads\/sites\/8\/2022\/08\/Basile-updated-headshot-modified.jpg\",\"contentUrl\":\"https:\/\/crownworkspace.com\/ch\/wp-content\/uploads\/sites\/8\/2022\/08\/Basile-updated-headshot-modified.jpg\",\"width\":256,\"height\":348},{\"@type\":\"BreadcrumbList\",\"@id\":\"https:\/\/crownworkspace.com\/ch\/notre-equipe\/#breadcrumb\",\"itemListElement\":[{\"@type\":\"ListItem\",\"position\":1,\"name\":\"Home\",\"item\":\"https:\/\/crownworkspace.com\/ch\/\"},{\"@type\":\"ListItem\",\"position\":2,\"name\":\"Notre \u00e9quipe\"}]},{\"@type\":\"WebSite\",\"@id\":\"https:\/\/crownworkspace.com\/ch\/#website\",\"url\":\"https:\/\/crownworkspace.com\/ch\/\",\"name\":\"Crown Workspace Switzerland\",\"description\":\"Workplace Relocations\",\"potentialAction\":[{\"@type\":\"SearchAction\",\"target\":{\"@type\":\"EntryPoint\",\"urlTemplate\":\"https:\/\/crownworkspace.com\/ch\/?s={search_term_string}\"},\"query-input\":{\"@type\":\"PropertyValueSpecification\",\"valueRequired\":true,\"valueName\":\"search_term_string\"}}],\"inLanguage\":\"en-CH\"}]}<\/script>\n<!-- \/ Yoast SEO Premium plugin. -->","yoast_head_json":{"title":"Notre \u00e9quipe - Crown Workspace Switzerland","robots":{"index":"index","follow":"follow","max-snippet":"max-snippet:-1","max-image-preview":"max-image-preview:large","max-video-preview":"max-video-preview:-1"},"canonical":"https:\/\/crownworkspace.com\/ch\/notre-equipe\/","og_locale":"en_US","og_type":"article","og_title":"Notre \u00e9quipe","og_description":"&nbsp; Switzerland Basile Laune Crown Workspace Business Development Manager blaune@crownww.com Youenn Rayer Crown Workspace Business Unit Manager yrayer@crownww.com Italy Matteo Calza Workspace BU Manager mcalza@crownww.com Diego Bonizzoni Workspace Coordinator dbonizzoni@crownww.com Emanuele Cappelletti Business Representative ecappelletti@crownrelocations.com Sara Mazzocchi RMS Assistant smazzocchi@crownww.com France Basile Laune Crown Workspace Business Development Manager blaune@crownww.com Youenn Rayer Crown Workspace Business Unit [&hellip;]","og_url":"https:\/\/crownworkspace.com\/ch\/notre-equipe\/","og_site_name":"Crown Workspace Switzerland","article_modified_time":"2024-07-31T06:59:49+00:00","og_image":[{"url":"https:\/\/crownworkspace.com\/ch\/wp-content\/uploads\/sites\/8\/2022\/08\/Basile-updated-headshot-modified.jpg","type":"","width":"","height":""}],"twitter_card":"summary_large_image","twitter_misc":{"Est. reading time":"3 minutes"},"schema":{"@context":"https:\/\/schema.org","@graph":[{"@type":"WebPage","@id":"https:\/\/crownworkspace.com\/ch\/notre-equipe\/","url":"https:\/\/crownworkspace.com\/ch\/notre-equipe\/","name":"Notre \u00e9quipe - Crown Workspace Switzerland","isPartOf":{"@id":"https:\/\/crownworkspace.com\/ch\/#website"},"primaryImageOfPage":{"@id":"https:\/\/crownworkspace.com\/ch\/notre-equipe\/#primaryimage"},"image":{"@id":"https:\/\/crownworkspace.com\/ch\/notre-equipe\/#primaryimage"},"thumbnailUrl":"https:\/\/crownworkspace.com\/ch\/wp-content\/uploads\/sites\/8\/2022\/08\/Basile-updated-headshot-modified.jpg","datePublished":"2019-09-26T14:42:16+00:00","dateModified":"2024-07-31T06:59:49+00:00","breadcrumb":{"@id":"https:\/\/crownworkspace.com\/ch\/notre-equipe\/#breadcrumb"},"inLanguage":"en-CH","potentialAction":[{"@type":"ReadAction","target":["https:\/\/crownworkspace.com\/ch\/notre-equipe\/"]}]},{"@type":"ImageObject","inLanguage":"en-CH","@id":"https:\/\/crownworkspace.com\/ch\/notre-equipe\/#primaryimage","url":"https:\/\/crownworkspace.com\/ch\/wp-content\/uploads\/sites\/8\/2022\/08\/Basile-updated-headshot-modified.jpg","contentUrl":"https:\/\/crownworkspace.com\/ch\/wp-content\/uploads\/sites\/8\/2022\/08\/Basile-updated-headshot-modified.jpg","width":256,"height":348},{"@type":"BreadcrumbList","@id":"https:\/\/crownworkspace.com\/ch\/notre-equipe\/#breadcrumb","itemListElement":[{"@type":"ListItem","position":1,"name":"Home","item":"https:\/\/crownworkspace.com\/ch\/"},{"@type":"ListItem","position":2,"name":"Notre \u00e9quipe"}]},{"@type":"WebSite","@id":"https:\/\/crownworkspace.com\/ch\/#website","url":"https:\/\/crownworkspace.com\/ch\/","name":"Crown Workspace Switzerland","description":"Workplace Relocations","potentialAction":[{"@type":"SearchAction","target":{"@type":"EntryPoint","urlTemplate":"https:\/\/crownworkspace.com\/ch\/?s={search_term_string}"},"query-input":{"@type":"PropertyValueSpecification","valueRequired":true,"valueName":"search_term_string"}}],"inLanguage":"en-CH"}]}},"lang":"fr","translations":{"fr":3804,"de":4290},"pll_sync_post":[],"_links":{"self":[{"href":"https:\/\/crownworkspace.com\/ch\/wp-json\/wp\/v2\/pages\/3804","targetHints":{"allow":["GET"]}}],"collection":[{"href":"https:\/\/crownworkspace.com\/ch\/wp-json\/wp\/v2\/pages"}],"about":[{"href":"https:\/\/crownworkspace.com\/ch\/wp-json\/wp\/v2\/types\/page"}],"author":[{"embeddable":true,"href":"https:\/\/crownworkspace.com\/ch\/wp-json\/wp\/v2\/users\/1"}],"replies":[{"embeddable":true,"href":"https:\/\/crownworkspace.com\/ch\/wp-json\/wp\/v2\/comments?post=3804"}],"version-history":[{"count":0,"href":"https:\/\/crownworkspace.com\/ch\/wp-json\/wp\/v2\/pages\/3804\/revisions"}],"wp:attachment":[{"href":"https:\/\/crownworkspace.com\/ch\/wp-json\/wp\/v2\/media?parent=3804"}],"curies":[{"name":"wp","href":"https:\/\/api.w.org\/{rel}","templated":true}]}}