{"id":3810,"date":"2019-09-26T14:48:55","date_gmt":"2019-09-26T14:48:55","guid":{"rendered":"https:\/\/crownworkspace.com\/ch\/?page_id=3810"},"modified":"2025-06-13T06:57:05","modified_gmt":"2025-06-13T06:57:05","slug":"a-propos-de-nous","status":"publish","type":"page","link":"https:\/\/crownworkspace.com\/ch\/a-propos-de-nous\/","title":{"rendered":"A propos de nous"},"content":{"rendered":"","protected":false},"excerpt":{"rendered":"","protected":false},"author":1,"featured_media":848,"parent":0,"menu_order":1,"comment_status":"closed","ping_status":"closed","template":"templates\/template-flexible.php","meta":{"_acf_changed":false,"footnotes":""},"class_list":["post-3810","page","type-page","status-publish","has-post-thumbnail","hentry"],"acf":[],"yoast_head":"<!-- This site is optimized with the Yoast SEO Premium plugin v27.2 (Yoast SEO v27.2) - https:\/\/yoast.com\/product\/yoast-seo-premium-wordpress\/ -->\n<title>A propos de nous - Crown Workspace Switzerland<\/title>\n<meta name=\"description\" content=\"De l&#039;am\u00e9nagement de l&#039;espace, du conseil en conception et construction et de l&#039;am\u00e9nagement \u00e0 la fourniture et au recyclage de meubles, \u00e0 la gestion des d\u00e9m\u00e9nagements et \u00e0 la relocalisation des lieux de travail - nous proposons une offre compl\u00e8te.\" \/>\n<meta name=\"robots\" content=\"index, follow, max-snippet:-1, max-image-preview:large, max-video-preview:-1\" \/>\n<link rel=\"canonical\" href=\"https:\/\/crownworkspace.com\/ch\/a-propos-de-nous\/\" \/>\n<meta property=\"og:locale\" content=\"en_US\" \/>\n<meta property=\"og:type\" content=\"article\" \/>\n<meta property=\"og:title\" content=\"A propos de nous\" \/>\n<meta property=\"og:description\" content=\"De l&#039;am\u00e9nagement de l&#039;espace, du conseil en conception et construction et de l&#039;am\u00e9nagement \u00e0 la fourniture et au recyclage de meubles, \u00e0 la gestion des d\u00e9m\u00e9nagements et \u00e0 la relocalisation des lieux de travail - nous proposons une offre compl\u00e8te.\" \/>\n<meta property=\"og:url\" content=\"https:\/\/crownworkspace.com\/ch\/a-propos-de-nous\/\" \/>\n<meta property=\"og:site_name\" content=\"Crown Workspace Switzerland\" \/>\n<meta property=\"article:modified_time\" content=\"2025-06-13T06:57:05+00:00\" \/>\n<meta property=\"og:image\" content=\"https:\/\/crownworkspace.com\/ch\/wp-content\/uploads\/sites\/8\/2018\/03\/The-millennial-workplace-of-the-future..jpg\" \/>\n\t<meta property=\"og:image:width\" content=\"3028\" \/>\n\t<meta property=\"og:image:height\" content=\"2000\" \/>\n\t<meta property=\"og:image:type\" content=\"image\/jpeg\" \/>\n<meta name=\"twitter:card\" content=\"summary_large_image\" \/>\n<meta name=\"twitter:label1\" content=\"Est. reading time\" \/>\n\t<meta name=\"twitter:data1\" content=\"1 minute\" \/>\n<script type=\"application\/ld+json\" class=\"yoast-schema-graph\">{\"@context\":\"https:\/\/schema.org\",\"@graph\":[{\"@type\":\"WebPage\",\"@id\":\"https:\/\/crownworkspace.com\/ch\/a-propos-de-nous\/\",\"url\":\"https:\/\/crownworkspace.com\/ch\/a-propos-de-nous\/\",\"name\":\"A propos de nous - Crown Workspace Switzerland\",\"isPartOf\":{\"@id\":\"https:\/\/crownworkspace.com\/ch\/#website\"},\"primaryImageOfPage\":{\"@id\":\"https:\/\/crownworkspace.com\/ch\/a-propos-de-nous\/#primaryimage\"},\"image\":{\"@id\":\"https:\/\/crownworkspace.com\/ch\/a-propos-de-nous\/#primaryimage\"},\"thumbnailUrl\":\"https:\/\/crownworkspace.com\/ch\/wp-content\/uploads\/sites\/8\/2018\/03\/The-millennial-workplace-of-the-future..jpg\",\"datePublished\":\"2019-09-26T14:48:55+00:00\",\"dateModified\":\"2025-06-13T06:57:05+00:00\",\"description\":\"De l'am\u00e9nagement de l'espace, du conseil en conception et construction et de l'am\u00e9nagement \u00e0 la fourniture et au recyclage de meubles, \u00e0 la gestion des d\u00e9m\u00e9nagements et \u00e0 la relocalisation des lieux de travail - nous proposons une offre compl\u00e8te.\",\"breadcrumb\":{\"@id\":\"https:\/\/crownworkspace.com\/ch\/a-propos-de-nous\/#breadcrumb\"},\"inLanguage\":\"en-CH\",\"potentialAction\":[{\"@type\":\"ReadAction\",\"target\":[\"https:\/\/crownworkspace.com\/ch\/a-propos-de-nous\/\"]}]},{\"@type\":\"ImageObject\",\"inLanguage\":\"en-CH\",\"@id\":\"https:\/\/crownworkspace.com\/ch\/a-propos-de-nous\/#primaryimage\",\"url\":\"https:\/\/crownworkspace.com\/ch\/wp-content\/uploads\/sites\/8\/2018\/03\/The-millennial-workplace-of-the-future..jpg\",\"contentUrl\":\"https:\/\/crownworkspace.com\/ch\/wp-content\/uploads\/sites\/8\/2018\/03\/The-millennial-workplace-of-the-future..jpg\",\"width\":3028,\"height\":2000,\"caption\":\"Millennials doing work whilst looking out with a view of london\"},{\"@type\":\"BreadcrumbList\",\"@id\":\"https:\/\/crownworkspace.com\/ch\/a-propos-de-nous\/#breadcrumb\",\"itemListElement\":[{\"@type\":\"ListItem\",\"position\":1,\"name\":\"Home\",\"item\":\"https:\/\/crownworkspace.com\/ch\/\"},{\"@type\":\"ListItem\",\"position\":2,\"name\":\"A propos de nous\"}]},{\"@type\":\"WebSite\",\"@id\":\"https:\/\/crownworkspace.com\/ch\/#website\",\"url\":\"https:\/\/crownworkspace.com\/ch\/\",\"name\":\"Crown Workspace Switzerland\",\"description\":\"Workplace Relocations\",\"potentialAction\":[{\"@type\":\"SearchAction\",\"target\":{\"@type\":\"EntryPoint\",\"urlTemplate\":\"https:\/\/crownworkspace.com\/ch\/?s={search_term_string}\"},\"query-input\":{\"@type\":\"PropertyValueSpecification\",\"valueRequired\":true,\"valueName\":\"search_term_string\"}}],\"inLanguage\":\"en-CH\"}]}<\/script>\n<!-- \/ Yoast SEO Premium plugin. -->","yoast_head_json":{"title":"A propos de nous - Crown Workspace Switzerland","description":"De l'am\u00e9nagement de l'espace, du conseil en conception et construction et de l'am\u00e9nagement \u00e0 la fourniture et au recyclage de meubles, \u00e0 la gestion des d\u00e9m\u00e9nagements et \u00e0 la relocalisation des lieux de travail - nous proposons une offre compl\u00e8te.","robots":{"index":"index","follow":"follow","max-snippet":"max-snippet:-1","max-image-preview":"max-image-preview:large","max-video-preview":"max-video-preview:-1"},"canonical":"https:\/\/crownworkspace.com\/ch\/a-propos-de-nous\/","og_locale":"en_US","og_type":"article","og_title":"A propos de nous","og_description":"De l'am\u00e9nagement de l'espace, du conseil en conception et construction et de l'am\u00e9nagement \u00e0 la fourniture et au recyclage de meubles, \u00e0 la gestion des d\u00e9m\u00e9nagements et \u00e0 la relocalisation des lieux de travail - nous proposons une offre compl\u00e8te.","og_url":"https:\/\/crownworkspace.com\/ch\/a-propos-de-nous\/","og_site_name":"Crown Workspace Switzerland","article_modified_time":"2025-06-13T06:57:05+00:00","og_image":[{"width":3028,"height":2000,"url":"https:\/\/crownworkspace.com\/ch\/wp-content\/uploads\/sites\/8\/2018\/03\/The-millennial-workplace-of-the-future..jpg","type":"image\/jpeg"}],"twitter_card":"summary_large_image","twitter_misc":{"Est. reading time":"1 minute"},"schema":{"@context":"https:\/\/schema.org","@graph":[{"@type":"WebPage","@id":"https:\/\/crownworkspace.com\/ch\/a-propos-de-nous\/","url":"https:\/\/crownworkspace.com\/ch\/a-propos-de-nous\/","name":"A propos de nous - Crown Workspace Switzerland","isPartOf":{"@id":"https:\/\/crownworkspace.com\/ch\/#website"},"primaryImageOfPage":{"@id":"https:\/\/crownworkspace.com\/ch\/a-propos-de-nous\/#primaryimage"},"image":{"@id":"https:\/\/crownworkspace.com\/ch\/a-propos-de-nous\/#primaryimage"},"thumbnailUrl":"https:\/\/crownworkspace.com\/ch\/wp-content\/uploads\/sites\/8\/2018\/03\/The-millennial-workplace-of-the-future..jpg","datePublished":"2019-09-26T14:48:55+00:00","dateModified":"2025-06-13T06:57:05+00:00","description":"De l'am\u00e9nagement de l'espace, du conseil en conception et construction et de l'am\u00e9nagement \u00e0 la fourniture et au recyclage de meubles, \u00e0 la gestion des d\u00e9m\u00e9nagements et \u00e0 la relocalisation des lieux de travail - nous proposons une offre compl\u00e8te.","breadcrumb":{"@id":"https:\/\/crownworkspace.com\/ch\/a-propos-de-nous\/#breadcrumb"},"inLanguage":"en-CH","potentialAction":[{"@type":"ReadAction","target":["https:\/\/crownworkspace.com\/ch\/a-propos-de-nous\/"]}]},{"@type":"ImageObject","inLanguage":"en-CH","@id":"https:\/\/crownworkspace.com\/ch\/a-propos-de-nous\/#primaryimage","url":"https:\/\/crownworkspace.com\/ch\/wp-content\/uploads\/sites\/8\/2018\/03\/The-millennial-workplace-of-the-future..jpg","contentUrl":"https:\/\/crownworkspace.com\/ch\/wp-content\/uploads\/sites\/8\/2018\/03\/The-millennial-workplace-of-the-future..jpg","width":3028,"height":2000,"caption":"Millennials doing work whilst looking out with a view of london"},{"@type":"BreadcrumbList","@id":"https:\/\/crownworkspace.com\/ch\/a-propos-de-nous\/#breadcrumb","itemListElement":[{"@type":"ListItem","position":1,"name":"Home","item":"https:\/\/crownworkspace.com\/ch\/"},{"@type":"ListItem","position":2,"name":"A propos de nous"}]},{"@type":"WebSite","@id":"https:\/\/crownworkspace.com\/ch\/#website","url":"https:\/\/crownworkspace.com\/ch\/","name":"Crown Workspace Switzerland","description":"Workplace Relocations","potentialAction":[{"@type":"SearchAction","target":{"@type":"EntryPoint","urlTemplate":"https:\/\/crownworkspace.com\/ch\/?s={search_term_string}"},"query-input":{"@type":"PropertyValueSpecification","valueRequired":true,"valueName":"search_term_string"}}],"inLanguage":"en-CH"}]}},"lang":"fr","translations":{"fr":3810,"de":4287},"pll_sync_post":[],"_links":{"self":[{"href":"https:\/\/crownworkspace.com\/ch\/wp-json\/wp\/v2\/pages\/3810","targetHints":{"allow":["GET"]}}],"collection":[{"href":"https:\/\/crownworkspace.com\/ch\/wp-json\/wp\/v2\/pages"}],"about":[{"href":"https:\/\/crownworkspace.com\/ch\/wp-json\/wp\/v2\/types\/page"}],"author":[{"embeddable":true,"href":"https:\/\/crownworkspace.com\/ch\/wp-json\/wp\/v2\/users\/1"}],"replies":[{"embeddable":true,"href":"https:\/\/crownworkspace.com\/ch\/wp-json\/wp\/v2\/comments?post=3810"}],"version-history":[{"count":0,"href":"https:\/\/crownworkspace.com\/ch\/wp-json\/wp\/v2\/pages\/3810\/revisions"}],"wp:featuredmedia":[{"embeddable":true,"href":"https:\/\/crownworkspace.com\/ch\/wp-json\/wp\/v2\/media\/848"}],"wp:attachment":[{"href":"https:\/\/crownworkspace.com\/ch\/wp-json\/wp\/v2\/media?parent=3810"}],"curies":[{"name":"wp","href":"https:\/\/api.w.org\/{rel}","templated":true}]}}