{"id":4592,"date":"2024-09-02T06:36:22","date_gmt":"2024-09-02T06:36:22","guid":{"rendered":"https:\/\/crownworkspace.com\/ch\/?page_id=4592"},"modified":"2024-12-20T12:36:47","modified_gmt":"2024-12-20T12:36:47","slug":"nachhaltigkeit","status":"publish","type":"page","link":"https:\/\/crownworkspace.com\/ch\/de\/ueber-uns\/nachhaltigkeit\/","title":{"rendered":"Soziale Verantwortung von Unternehmen"},"content":{"rendered":"","protected":false},"excerpt":{"rendered":"","protected":false},"author":63,"featured_media":4559,"parent":4287,"menu_order":0,"comment_status":"closed","ping_status":"closed","template":"templates\/template-flexible.php","meta":{"_acf_changed":false,"footnotes":""},"class_list":["post-4592","page","type-page","status-publish","has-post-thumbnail","hentry"],"acf":[],"yoast_head":"<!-- This site is optimized with the Yoast SEO Premium plugin v27.2 (Yoast SEO v27.2) - https:\/\/yoast.com\/product\/yoast-seo-premium-wordpress\/ -->\n<title>Weltweites Unternehmen mit \u00fcber 55 Jahren Geschichte | Crown Workspace Switzerland<\/title>\n<meta name=\"description\" content=\"Crown Workspace ist ein globales Unternehmen mit \u00fcber 55 Jahren Geschichte, das im Bereich B\u00fcroumz\u00fcge und mehr t\u00e4tig ist.\" \/>\n<meta name=\"robots\" content=\"index, follow, max-snippet:-1, max-image-preview:large, max-video-preview:-1\" \/>\n<link rel=\"canonical\" href=\"https:\/\/crownworkspace.com\/ch\/de\/ueber-uns\/nachhaltigkeit\/\" \/>\n<meta property=\"og:locale\" content=\"en_US\" \/>\n<meta property=\"og:type\" content=\"article\" \/>\n<meta property=\"og:title\" content=\"Soziale Verantwortung von Unternehmen\" \/>\n<meta property=\"og:description\" content=\"Crown Workspace ist ein globales Unternehmen mit \u00fcber 55 Jahren Geschichte, das im Bereich B\u00fcroumz\u00fcge und mehr t\u00e4tig ist.\" \/>\n<meta property=\"og:url\" content=\"https:\/\/crownworkspace.com\/ch\/de\/ueber-uns\/nachhaltigkeit\/\" \/>\n<meta property=\"og:site_name\" content=\"Crown Workspace Switzerland\" \/>\n<meta property=\"article:modified_time\" content=\"2024-12-20T12:36:47+00:00\" \/>\n<meta property=\"og:image\" content=\"https:\/\/crownworkspace.com\/ch\/wp-content\/uploads\/sites\/8\/2024\/08\/CSR-Running-in-field-1.jpg\" \/>\n\t<meta property=\"og:image:width\" content=\"1920\" \/>\n\t<meta property=\"og:image:height\" content=\"1280\" \/>\n\t<meta property=\"og:image:type\" content=\"image\/jpeg\" \/>\n<meta name=\"twitter:card\" content=\"summary_large_image\" \/>\n<meta name=\"twitter:label1\" content=\"Est. reading time\" \/>\n\t<meta name=\"twitter:data1\" content=\"1 minute\" \/>\n<script type=\"application\/ld+json\" class=\"yoast-schema-graph\">{\"@context\":\"https:\/\/schema.org\",\"@graph\":[{\"@type\":\"WebPage\",\"@id\":\"https:\/\/crownworkspace.com\/ch\/de\/ueber-uns\/nachhaltigkeit\/\",\"url\":\"https:\/\/crownworkspace.com\/ch\/de\/ueber-uns\/nachhaltigkeit\/\",\"name\":\"Weltweites Unternehmen mit \u00fcber 55 Jahren Geschichte | Crown Workspace Switzerland\",\"isPartOf\":{\"@id\":\"https:\/\/crownworkspace.com\/ch\/#website\"},\"primaryImageOfPage\":{\"@id\":\"https:\/\/crownworkspace.com\/ch\/de\/ueber-uns\/nachhaltigkeit\/#primaryimage\"},\"image\":{\"@id\":\"https:\/\/crownworkspace.com\/ch\/de\/ueber-uns\/nachhaltigkeit\/#primaryimage\"},\"thumbnailUrl\":\"https:\/\/crownworkspace.com\/ch\/wp-content\/uploads\/sites\/8\/2024\/08\/CSR-Running-in-field-1.jpg\",\"datePublished\":\"2024-09-02T06:36:22+00:00\",\"dateModified\":\"2024-12-20T12:36:47+00:00\",\"description\":\"Crown Workspace ist ein globales Unternehmen mit \u00fcber 55 Jahren Geschichte, das im Bereich B\u00fcroumz\u00fcge und mehr t\u00e4tig ist.\",\"breadcrumb\":{\"@id\":\"https:\/\/crownworkspace.com\/ch\/de\/ueber-uns\/nachhaltigkeit\/#breadcrumb\"},\"inLanguage\":\"en-CH\",\"potentialAction\":[{\"@type\":\"ReadAction\",\"target\":[\"https:\/\/crownworkspace.com\/ch\/de\/ueber-uns\/nachhaltigkeit\/\"]}]},{\"@type\":\"ImageObject\",\"inLanguage\":\"en-CH\",\"@id\":\"https:\/\/crownworkspace.com\/ch\/de\/ueber-uns\/nachhaltigkeit\/#primaryimage\",\"url\":\"https:\/\/crownworkspace.com\/ch\/wp-content\/uploads\/sites\/8\/2024\/08\/CSR-Running-in-field-1.jpg\",\"contentUrl\":\"https:\/\/crownworkspace.com\/ch\/wp-content\/uploads\/sites\/8\/2024\/08\/CSR-Running-in-field-1.jpg\",\"width\":1920,\"height\":1280},{\"@type\":\"BreadcrumbList\",\"@id\":\"https:\/\/crownworkspace.com\/ch\/de\/ueber-uns\/nachhaltigkeit\/#breadcrumb\",\"itemListElement\":[{\"@type\":\"ListItem\",\"position\":1,\"name\":\"Home\",\"item\":\"https:\/\/crownworkspace.com\/ch\/\"},{\"@type\":\"ListItem\",\"position\":2,\"name\":\"\u00dcber uns\",\"item\":\"https:\/\/crownworkspace.com\/ch\/de\/ueber-uns\/\"},{\"@type\":\"ListItem\",\"position\":3,\"name\":\"Soziale Verantwortung von Unternehmen\"}]},{\"@type\":\"WebSite\",\"@id\":\"https:\/\/crownworkspace.com\/ch\/#website\",\"url\":\"https:\/\/crownworkspace.com\/ch\/\",\"name\":\"Crown Workspace Switzerland\",\"description\":\"Workplace Relocations\",\"potentialAction\":[{\"@type\":\"SearchAction\",\"target\":{\"@type\":\"EntryPoint\",\"urlTemplate\":\"https:\/\/crownworkspace.com\/ch\/?s={search_term_string}\"},\"query-input\":{\"@type\":\"PropertyValueSpecification\",\"valueRequired\":true,\"valueName\":\"search_term_string\"}}],\"inLanguage\":\"en-CH\"}]}<\/script>\n<!-- \/ Yoast SEO Premium plugin. -->","yoast_head_json":{"title":"Weltweites Unternehmen mit \u00fcber 55 Jahren Geschichte | Crown Workspace Switzerland","description":"Crown Workspace ist ein globales Unternehmen mit \u00fcber 55 Jahren Geschichte, das im Bereich B\u00fcroumz\u00fcge und mehr t\u00e4tig ist.","robots":{"index":"index","follow":"follow","max-snippet":"max-snippet:-1","max-image-preview":"max-image-preview:large","max-video-preview":"max-video-preview:-1"},"canonical":"https:\/\/crownworkspace.com\/ch\/de\/ueber-uns\/nachhaltigkeit\/","og_locale":"en_US","og_type":"article","og_title":"Soziale Verantwortung von Unternehmen","og_description":"Crown Workspace ist ein globales Unternehmen mit \u00fcber 55 Jahren Geschichte, das im Bereich B\u00fcroumz\u00fcge und mehr t\u00e4tig ist.","og_url":"https:\/\/crownworkspace.com\/ch\/de\/ueber-uns\/nachhaltigkeit\/","og_site_name":"Crown Workspace Switzerland","article_modified_time":"2024-12-20T12:36:47+00:00","og_image":[{"width":1920,"height":1280,"url":"https:\/\/crownworkspace.com\/ch\/wp-content\/uploads\/sites\/8\/2024\/08\/CSR-Running-in-field-1.jpg","type":"image\/jpeg"}],"twitter_card":"summary_large_image","twitter_misc":{"Est. reading time":"1 minute"},"schema":{"@context":"https:\/\/schema.org","@graph":[{"@type":"WebPage","@id":"https:\/\/crownworkspace.com\/ch\/de\/ueber-uns\/nachhaltigkeit\/","url":"https:\/\/crownworkspace.com\/ch\/de\/ueber-uns\/nachhaltigkeit\/","name":"Weltweites Unternehmen mit \u00fcber 55 Jahren Geschichte | Crown Workspace Switzerland","isPartOf":{"@id":"https:\/\/crownworkspace.com\/ch\/#website"},"primaryImageOfPage":{"@id":"https:\/\/crownworkspace.com\/ch\/de\/ueber-uns\/nachhaltigkeit\/#primaryimage"},"image":{"@id":"https:\/\/crownworkspace.com\/ch\/de\/ueber-uns\/nachhaltigkeit\/#primaryimage"},"thumbnailUrl":"https:\/\/crownworkspace.com\/ch\/wp-content\/uploads\/sites\/8\/2024\/08\/CSR-Running-in-field-1.jpg","datePublished":"2024-09-02T06:36:22+00:00","dateModified":"2024-12-20T12:36:47+00:00","description":"Crown Workspace ist ein globales Unternehmen mit \u00fcber 55 Jahren Geschichte, das im Bereich B\u00fcroumz\u00fcge und mehr t\u00e4tig ist.","breadcrumb":{"@id":"https:\/\/crownworkspace.com\/ch\/de\/ueber-uns\/nachhaltigkeit\/#breadcrumb"},"inLanguage":"en-CH","potentialAction":[{"@type":"ReadAction","target":["https:\/\/crownworkspace.com\/ch\/de\/ueber-uns\/nachhaltigkeit\/"]}]},{"@type":"ImageObject","inLanguage":"en-CH","@id":"https:\/\/crownworkspace.com\/ch\/de\/ueber-uns\/nachhaltigkeit\/#primaryimage","url":"https:\/\/crownworkspace.com\/ch\/wp-content\/uploads\/sites\/8\/2024\/08\/CSR-Running-in-field-1.jpg","contentUrl":"https:\/\/crownworkspace.com\/ch\/wp-content\/uploads\/sites\/8\/2024\/08\/CSR-Running-in-field-1.jpg","width":1920,"height":1280},{"@type":"BreadcrumbList","@id":"https:\/\/crownworkspace.com\/ch\/de\/ueber-uns\/nachhaltigkeit\/#breadcrumb","itemListElement":[{"@type":"ListItem","position":1,"name":"Home","item":"https:\/\/crownworkspace.com\/ch\/"},{"@type":"ListItem","position":2,"name":"\u00dcber uns","item":"https:\/\/crownworkspace.com\/ch\/de\/ueber-uns\/"},{"@type":"ListItem","position":3,"name":"Soziale Verantwortung von Unternehmen"}]},{"@type":"WebSite","@id":"https:\/\/crownworkspace.com\/ch\/#website","url":"https:\/\/crownworkspace.com\/ch\/","name":"Crown Workspace Switzerland","description":"Workplace Relocations","potentialAction":[{"@type":"SearchAction","target":{"@type":"EntryPoint","urlTemplate":"https:\/\/crownworkspace.com\/ch\/?s={search_term_string}"},"query-input":{"@type":"PropertyValueSpecification","valueRequired":true,"valueName":"search_term_string"}}],"inLanguage":"en-CH"}]}},"lang":"de","translations":{"de":4592,"fr":4551},"pll_sync_post":[],"_links":{"self":[{"href":"https:\/\/crownworkspace.com\/ch\/wp-json\/wp\/v2\/pages\/4592","targetHints":{"allow":["GET"]}}],"collection":[{"href":"https:\/\/crownworkspace.com\/ch\/wp-json\/wp\/v2\/pages"}],"about":[{"href":"https:\/\/crownworkspace.com\/ch\/wp-json\/wp\/v2\/types\/page"}],"author":[{"embeddable":true,"href":"https:\/\/crownworkspace.com\/ch\/wp-json\/wp\/v2\/users\/63"}],"replies":[{"embeddable":true,"href":"https:\/\/crownworkspace.com\/ch\/wp-json\/wp\/v2\/comments?post=4592"}],"version-history":[{"count":0,"href":"https:\/\/crownworkspace.com\/ch\/wp-json\/wp\/v2\/pages\/4592\/revisions"}],"up":[{"embeddable":true,"href":"https:\/\/crownworkspace.com\/ch\/wp-json\/wp\/v2\/pages\/4287"}],"wp:featuredmedia":[{"embeddable":true,"href":"https:\/\/crownworkspace.com\/ch\/wp-json\/wp\/v2\/media\/4559"}],"wp:attachment":[{"href":"https:\/\/crownworkspace.com\/ch\/wp-json\/wp\/v2\/media?parent=4592"}],"curies":[{"name":"wp","href":"https:\/\/api.w.org\/{rel}","templated":true}]}}