{"id":112,"date":"2018-02-15T14:31:21","date_gmt":"2018-02-15T14:31:21","guid":{"rendered":"https:\/\/crownworkspace.com\/vn\/?page_id=112"},"modified":"2025-09-08T07:06:30","modified_gmt":"2025-09-08T07:06:30","slug":"contact-us","status":"publish","type":"page","link":"https:\/\/crownworkspace.com\/vn\/contact-us\/","title":{"rendered":"Li\u00ean h\u1ec7"},"content":{"rendered":"","protected":false},"excerpt":{"rendered":"","protected":false},"author":1,"featured_media":3839,"parent":0,"menu_order":0,"comment_status":"closed","ping_status":"closed","template":"templates\/template-contact.php","meta":{"_acf_changed":false,"footnotes":""},"class_list":["post-112","page","type-page","status-publish","has-post-thumbnail","hentry"],"acf":[],"yoast_head":"<!-- This site is optimized with the Yoast SEO Premium plugin v27.2 (Yoast SEO v27.2) - https:\/\/yoast.com\/product\/yoast-seo-premium-wordpress\/ -->\n<title>Li\u00ean h\u1ec7 v\u1edbi ch\u00fang t\u00f4i | Crown Workspace Vietnam<\/title>\n<meta name=\"description\" content=\"Ch\u00fang t\u00f4i lu\u00f4n s\u1eb5n s\u00e0ng l\u1eafng nghe v\u00e0 h\u1ed7 tr\u1ee3. H\u00e3y li\u00ean h\u1ec7 Crown Workspace Vi\u1ec7t Nam \u0111\u1ec3 nh\u1eadn t\u01b0 v\u1ea5n v\u00e0 gi\u1ea3i ph\u00e1p t\u1ed1i \u01b0u cho nhu c\u1ea7u c\u1ee7a b\u1ea1n.\" \/>\n<meta name=\"robots\" content=\"index, follow, max-snippet:-1, max-image-preview:large, max-video-preview:-1\" \/>\n<link rel=\"canonical\" href=\"https:\/\/crownworkspace.com\/vn\/contact-us\/\" \/>\n<meta property=\"og:locale\" content=\"en_GB\" \/>\n<meta property=\"og:type\" content=\"article\" \/>\n<meta property=\"og:title\" content=\"Li\u00ean h\u1ec7\" \/>\n<meta property=\"og:description\" content=\"Ch\u00fang t\u00f4i lu\u00f4n s\u1eb5n s\u00e0ng l\u1eafng nghe v\u00e0 h\u1ed7 tr\u1ee3. H\u00e3y li\u00ean h\u1ec7 Crown Workspace Vi\u1ec7t Nam \u0111\u1ec3 nh\u1eadn t\u01b0 v\u1ea5n v\u00e0 gi\u1ea3i ph\u00e1p t\u1ed1i \u01b0u cho nhu c\u1ea7u c\u1ee7a b\u1ea1n.\" \/>\n<meta property=\"og:url\" content=\"https:\/\/crownworkspace.com\/vn\/contact-us\/\" \/>\n<meta property=\"og:site_name\" content=\"Crown Workspace Vietnam\" \/>\n<meta property=\"article:modified_time\" content=\"2025-09-08T07:06:30+00:00\" \/>\n<meta property=\"og:image\" content=\"https:\/\/crownworkspace.com\/vn\/wp-content\/uploads\/sites\/16\/2021\/04\/IMG_07833.jpg\" \/>\n\t<meta property=\"og:image:width\" content=\"1280\" \/>\n\t<meta property=\"og:image:height\" content=\"853\" \/>\n\t<meta property=\"og:image:type\" content=\"image\/jpeg\" \/>\n<meta name=\"twitter:card\" content=\"summary_large_image\" \/>\n<meta name=\"twitter:label1\" content=\"Est. reading time\" \/>\n\t<meta name=\"twitter:data1\" content=\"1 minute\" \/>\n<script type=\"application\/ld+json\" class=\"yoast-schema-graph\">{\"@context\":\"https:\/\/schema.org\",\"@graph\":[{\"@type\":\"WebPage\",\"@id\":\"https:\/\/crownworkspace.com\/vn\/contact-us\/\",\"url\":\"https:\/\/crownworkspace.com\/vn\/contact-us\/\",\"name\":\"Li\u00ean h\u1ec7 v\u1edbi ch\u00fang t\u00f4i | Crown Workspace Vietnam\",\"isPartOf\":{\"@id\":\"https:\/\/crownworkspace.com\/vn\/#website\"},\"primaryImageOfPage\":{\"@id\":\"https:\/\/crownworkspace.com\/vn\/contact-us\/#primaryimage\"},\"image\":{\"@id\":\"https:\/\/crownworkspace.com\/vn\/contact-us\/#primaryimage\"},\"thumbnailUrl\":\"https:\/\/crownworkspace.com\/vn\/wp-content\/uploads\/sites\/16\/2021\/04\/IMG_07833.jpg\",\"datePublished\":\"2018-02-15T14:31:21+00:00\",\"dateModified\":\"2025-09-08T07:06:30+00:00\",\"description\":\"Ch\u00fang t\u00f4i lu\u00f4n s\u1eb5n s\u00e0ng l\u1eafng nghe v\u00e0 h\u1ed7 tr\u1ee3. H\u00e3y li\u00ean h\u1ec7 Crown Workspace Vi\u1ec7t Nam \u0111\u1ec3 nh\u1eadn t\u01b0 v\u1ea5n v\u00e0 gi\u1ea3i ph\u00e1p t\u1ed1i \u01b0u cho nhu c\u1ea7u c\u1ee7a b\u1ea1n.\",\"breadcrumb\":{\"@id\":\"https:\/\/crownworkspace.com\/vn\/contact-us\/#breadcrumb\"},\"inLanguage\":\"en-GB\",\"potentialAction\":[{\"@type\":\"ReadAction\",\"target\":[\"https:\/\/crownworkspace.com\/vn\/contact-us\/\"]}]},{\"@type\":\"ImageObject\",\"inLanguage\":\"en-GB\",\"@id\":\"https:\/\/crownworkspace.com\/vn\/contact-us\/#primaryimage\",\"url\":\"https:\/\/crownworkspace.com\/vn\/wp-content\/uploads\/sites\/16\/2021\/04\/IMG_07833.jpg\",\"contentUrl\":\"https:\/\/crownworkspace.com\/vn\/wp-content\/uploads\/sites\/16\/2021\/04\/IMG_07833.jpg\",\"width\":1280,\"height\":853},{\"@type\":\"BreadcrumbList\",\"@id\":\"https:\/\/crownworkspace.com\/vn\/contact-us\/#breadcrumb\",\"itemListElement\":[{\"@type\":\"ListItem\",\"position\":1,\"name\":\"Home\",\"item\":\"https:\/\/crownworkspace.com\/vn\/\"},{\"@type\":\"ListItem\",\"position\":2,\"name\":\"Li\u00ean h\u1ec7\"}]},{\"@type\":\"WebSite\",\"@id\":\"https:\/\/crownworkspace.com\/vn\/#website\",\"url\":\"https:\/\/crownworkspace.com\/vn\/\",\"name\":\"Crown Workspace Vietnam\",\"description\":\"Workplace Relocations\",\"potentialAction\":[{\"@type\":\"SearchAction\",\"target\":{\"@type\":\"EntryPoint\",\"urlTemplate\":\"https:\/\/crownworkspace.com\/vn\/?s={search_term_string}\"},\"query-input\":{\"@type\":\"PropertyValueSpecification\",\"valueRequired\":true,\"valueName\":\"search_term_string\"}}],\"inLanguage\":\"en-GB\"}]}<\/script>\n<!-- \/ Yoast SEO Premium plugin. -->","yoast_head_json":{"title":"Li\u00ean h\u1ec7 v\u1edbi ch\u00fang t\u00f4i | Crown Workspace Vietnam","description":"Ch\u00fang t\u00f4i lu\u00f4n s\u1eb5n s\u00e0ng l\u1eafng nghe v\u00e0 h\u1ed7 tr\u1ee3. H\u00e3y li\u00ean h\u1ec7 Crown Workspace Vi\u1ec7t Nam \u0111\u1ec3 nh\u1eadn t\u01b0 v\u1ea5n v\u00e0 gi\u1ea3i ph\u00e1p t\u1ed1i \u01b0u cho nhu c\u1ea7u c\u1ee7a b\u1ea1n.","robots":{"index":"index","follow":"follow","max-snippet":"max-snippet:-1","max-image-preview":"max-image-preview:large","max-video-preview":"max-video-preview:-1"},"canonical":"https:\/\/crownworkspace.com\/vn\/contact-us\/","og_locale":"en_GB","og_type":"article","og_title":"Li\u00ean h\u1ec7","og_description":"Ch\u00fang t\u00f4i lu\u00f4n s\u1eb5n s\u00e0ng l\u1eafng nghe v\u00e0 h\u1ed7 tr\u1ee3. H\u00e3y li\u00ean h\u1ec7 Crown Workspace Vi\u1ec7t Nam \u0111\u1ec3 nh\u1eadn t\u01b0 v\u1ea5n v\u00e0 gi\u1ea3i ph\u00e1p t\u1ed1i \u01b0u cho nhu c\u1ea7u c\u1ee7a b\u1ea1n.","og_url":"https:\/\/crownworkspace.com\/vn\/contact-us\/","og_site_name":"Crown Workspace Vietnam","article_modified_time":"2025-09-08T07:06:30+00:00","og_image":[{"width":1280,"height":853,"url":"https:\/\/crownworkspace.com\/vn\/wp-content\/uploads\/sites\/16\/2021\/04\/IMG_07833.jpg","type":"image\/jpeg"}],"twitter_card":"summary_large_image","twitter_misc":{"Est. reading time":"1 minute"},"schema":{"@context":"https:\/\/schema.org","@graph":[{"@type":"WebPage","@id":"https:\/\/crownworkspace.com\/vn\/contact-us\/","url":"https:\/\/crownworkspace.com\/vn\/contact-us\/","name":"Li\u00ean h\u1ec7 v\u1edbi ch\u00fang t\u00f4i | Crown Workspace Vietnam","isPartOf":{"@id":"https:\/\/crownworkspace.com\/vn\/#website"},"primaryImageOfPage":{"@id":"https:\/\/crownworkspace.com\/vn\/contact-us\/#primaryimage"},"image":{"@id":"https:\/\/crownworkspace.com\/vn\/contact-us\/#primaryimage"},"thumbnailUrl":"https:\/\/crownworkspace.com\/vn\/wp-content\/uploads\/sites\/16\/2021\/04\/IMG_07833.jpg","datePublished":"2018-02-15T14:31:21+00:00","dateModified":"2025-09-08T07:06:30+00:00","description":"Ch\u00fang t\u00f4i lu\u00f4n s\u1eb5n s\u00e0ng l\u1eafng nghe v\u00e0 h\u1ed7 tr\u1ee3. H\u00e3y li\u00ean h\u1ec7 Crown Workspace Vi\u1ec7t Nam \u0111\u1ec3 nh\u1eadn t\u01b0 v\u1ea5n v\u00e0 gi\u1ea3i ph\u00e1p t\u1ed1i \u01b0u cho nhu c\u1ea7u c\u1ee7a b\u1ea1n.","breadcrumb":{"@id":"https:\/\/crownworkspace.com\/vn\/contact-us\/#breadcrumb"},"inLanguage":"en-GB","potentialAction":[{"@type":"ReadAction","target":["https:\/\/crownworkspace.com\/vn\/contact-us\/"]}]},{"@type":"ImageObject","inLanguage":"en-GB","@id":"https:\/\/crownworkspace.com\/vn\/contact-us\/#primaryimage","url":"https:\/\/crownworkspace.com\/vn\/wp-content\/uploads\/sites\/16\/2021\/04\/IMG_07833.jpg","contentUrl":"https:\/\/crownworkspace.com\/vn\/wp-content\/uploads\/sites\/16\/2021\/04\/IMG_07833.jpg","width":1280,"height":853},{"@type":"BreadcrumbList","@id":"https:\/\/crownworkspace.com\/vn\/contact-us\/#breadcrumb","itemListElement":[{"@type":"ListItem","position":1,"name":"Home","item":"https:\/\/crownworkspace.com\/vn\/"},{"@type":"ListItem","position":2,"name":"Li\u00ean h\u1ec7"}]},{"@type":"WebSite","@id":"https:\/\/crownworkspace.com\/vn\/#website","url":"https:\/\/crownworkspace.com\/vn\/","name":"Crown Workspace Vietnam","description":"Workplace Relocations","potentialAction":[{"@type":"SearchAction","target":{"@type":"EntryPoint","urlTemplate":"https:\/\/crownworkspace.com\/vn\/?s={search_term_string}"},"query-input":{"@type":"PropertyValueSpecification","valueRequired":true,"valueName":"search_term_string"}}],"inLanguage":"en-GB"}]}},"lang":"vi","translations":{"vi":112},"pll_sync_post":[],"_links":{"self":[{"href":"https:\/\/crownworkspace.com\/vn\/wp-json\/wp\/v2\/pages\/112","targetHints":{"allow":["GET"]}}],"collection":[{"href":"https:\/\/crownworkspace.com\/vn\/wp-json\/wp\/v2\/pages"}],"about":[{"href":"https:\/\/crownworkspace.com\/vn\/wp-json\/wp\/v2\/types\/page"}],"author":[{"embeddable":true,"href":"https:\/\/crownworkspace.com\/vn\/wp-json\/wp\/v2\/users\/1"}],"replies":[{"embeddable":true,"href":"https:\/\/crownworkspace.com\/vn\/wp-json\/wp\/v2\/comments?post=112"}],"version-history":[{"count":0,"href":"https:\/\/crownworkspace.com\/vn\/wp-json\/wp\/v2\/pages\/112\/revisions"}],"wp:featuredmedia":[{"embeddable":true,"href":"https:\/\/crownworkspace.com\/vn\/wp-json\/wp\/v2\/media\/3839"}],"wp:attachment":[{"href":"https:\/\/crownworkspace.com\/vn\/wp-json\/wp\/v2\/media?parent=112"}],"curies":[{"name":"wp","href":"https:\/\/api.w.org\/{rel}","templated":true}]}}