{"id":4666,"date":"2025-08-28T08:10:01","date_gmt":"2025-08-28T08:10:01","guid":{"rendered":"https:\/\/crownworkspace.com\/vn\/?page_id=4666"},"modified":"2025-09-10T08:31:07","modified_gmt":"2025-09-10T08:31:07","slug":"giai-phap-luu-tru-ho-so","status":"publish","type":"page","link":"https:\/\/crownworkspace.com\/vn\/giai-phap-luu-tru-ho-so\/","title":{"rendered":"[Blog] Gi\u1ea3i Ph\u00e1p L\u01b0u Tr\u1eef H\u1ed3 S\u01a1"},"content":{"rendered":"<h1><\/h1>\n<p><img decoding=\"async\" class=\"alignnone wp-image-4667\" src=\"https:\/\/crownworkspace.com\/vn\/wp-content\/uploads\/sites\/16\/2025\/08\/486204016_122141515370573196_4735772505235998998_n-300x169.jpg\" alt=\"d\u1ecbch v\u1ee5 l\u01b0u tr\u1eef h\u1ed3 s\u01a1 t\u1ea1i Crown Vi\u1ec7t Nam\" width=\"1084\" height=\"610\" srcset=\"https:\/\/crownworkspace.com\/vn\/wp-content\/uploads\/sites\/16\/2025\/08\/486204016_122141515370573196_4735772505235998998_n-300x169.jpg 300w, https:\/\/crownworkspace.com\/vn\/wp-content\/uploads\/sites\/16\/2025\/08\/486204016_122141515370573196_4735772505235998998_n-1024x576.jpg 1024w, https:\/\/crownworkspace.com\/vn\/wp-content\/uploads\/sites\/16\/2025\/08\/486204016_122141515370573196_4735772505235998998_n-768x432.jpg 768w, https:\/\/crownworkspace.com\/vn\/wp-content\/uploads\/sites\/16\/2025\/08\/486204016_122141515370573196_4735772505235998998_n-420x236.jpg 420w, https:\/\/crownworkspace.com\/vn\/wp-content\/uploads\/sites\/16\/2025\/08\/486204016_122141515370573196_4735772505235998998_n-530x298.jpg 530w, https:\/\/crownworkspace.com\/vn\/wp-content\/uploads\/sites\/16\/2025\/08\/486204016_122141515370573196_4735772505235998998_n.jpg 1280w\" sizes=\"(max-width: 1084px) 100vw, 1084px\" \/><\/p>\n<h2><b>Gi\u1ea3i Ph\u00e1p L\u01b0u Tr\u1eef H\u1ed3 S\u01a1 D\u00e0nh Cho Doanh Nghi\u1ec7p \u2013 C\u1ea7n G\u00ec V\u00e0 T\u1ea1i Sao Quan Tr\u1ecdng?<\/b><\/h2>\n<p><span style=\"font-weight: 400\">Trong th\u1eddi \u0111\u1ea1i s\u1ed1 h\u00f3a, nhi\u1ec1u doanh nghi\u1ec7p \u0111ang d\u1ea7n chuy\u1ec3n \u0111\u1ed5i c\u00e1ch qu\u1ea3n l\u00fd t\u00e0i li\u1ec7u. Tuy nhi\u00ean, th\u1ef1c t\u1ebf cho th\u1ea5y m\u1ed9t l\u01b0\u1ee3ng l\u1edbn h\u1ed3 s\u01a1 gi\u1ea5y v\u1eabn \u0111\u00f3ng vai tr\u00f2 quan tr\u1ecdng trong ho\u1ea1t \u0111\u1ed9ng v\u1eadn h\u00e0nh: h\u1ee3p \u0111\u1ed3ng, ch\u1ee9ng t\u1eeb k\u1ebf to\u00e1n, h\u1ed3 s\u01a1 nh\u00e2n s\u1ef1, b\u00e1o c\u00e1o thu\u1ebf, hay c\u00e1c t\u00e0i li\u1ec7u ph\u00e1p l\u00fd c\u1ea7n \u0111\u01b0\u1ee3c b\u1ea3o qu\u1ea3n l\u00e2u d\u00e0i. <\/span><\/p>\n<p><span style=\"font-weight: 400\">C\u00e2u h\u1ecfi \u0111\u1eb7t ra cho c\u00e1c c\u00f4ng ty l\u00e0: l\u00e0m th\u1ebf n\u00e0o \u0111\u1ec3 v\u1eeba \u0111\u1ea3m b\u1ea3o an to\u00e0n, v\u1eeba t\u1ed1i \u01b0u chi ph\u00ed, v\u1eeba d\u1ec5 d\u00e0ng truy xu\u1ea5t khi c\u1ea7n thi\u1ebft?<\/span><\/p>\n<p><span style=\"font-weight: 400\">\u0110\u00f3 ch\u00ednh l\u00e0 l\u00fac gi\u1ea3i ph\u00e1p l\u01b0u tr\u1eef h\u1ed3 s\u01a1 c\u00f4ng ty tr\u1edf th\u00e0nh y\u1ebfu t\u1ed1 kh\u00f4ng th\u1ec3 thi\u1ebfu.<\/span><\/p>\n<p><!--more--><\/p>\n<h2><b><i class=\"far fa-caret-square-down \" ><\/i> V\u00ec sao l\u01b0u tr\u1eef h\u1ed3 s\u01a1 c\u00f4ng ty l\u00e0 nhu c\u1ea7u c\u1ea5p thi\u1ebft?<\/b><\/h2>\n<ul>\n<li>\n<h3><b>Tu\u00e2n th\u1ee7 ph\u00e1p lu\u1eadt v\u00e0 quy \u0111\u1ecbnh<\/b><b><br \/>\n<\/b><\/h3>\n<p><span style=\"font-weight: 400\"> Nhi\u1ec1u lo\u1ea1i t\u00e0i li\u1ec7u b\u1eaft bu\u1ed9c ph\u1ea3i l\u01b0u gi\u1eef theo quy \u0111\u1ecbnh trong th\u1eddi gian t\u1eeb 5 \u2013 10 n\u0103m, th\u1eadm ch\u00ed l\u00e2u h\u01a1n. Vi\u1ec7c b\u1ea3o qu\u1ea3n \u0111\u00fang c\u00e1ch gi\u00fap doanh nghi\u1ec7p tr\u00e1nh \u0111\u01b0\u1ee3c c\u00e1c r\u1ee7i ro ph\u00e1p l\u00fd, ki\u1ec3m to\u00e1n ho\u1eb7c tranh ch\u1ea5p sau n\u00e0y.<\/span><\/li>\n<li>\n<h3><b>B\u1ea3o m\u1eadt v\u00e0 an to\u00e0n th\u00f4ng tin<\/b><b><br \/>\n<\/b><\/h3>\n<p><span style=\"font-weight: 400\"> H\u1ed3 s\u01a1 gi\u1ea5y d\u1ec5 b\u1ecb th\u1ea5t l\u1ea1c, h\u01b0 h\u1ecfng do m\u00f4i tr\u01b0\u1eddng ho\u1eb7c r\u1ee7i ro ch\u00e1y n\u1ed5. Vi\u1ec7c \u0111\u1ec3 t\u00e0i li\u1ec7u t\u1ea1i v\u0103n ph\u00f2ng th\u01b0\u1eddng ti\u1ec1m \u1ea9n nguy c\u01a1 r\u00f2 r\u1ec9 th\u00f4ng tin. Thu\u00ea kho l\u01b0u tr\u1eef t\u00e0i li\u1ec7u chuy\u00ean nghi\u1ec7p gi\u00fap doanh nghi\u1ec7p y\u00ean t\u00e2m v\u00ec t\u00e0i li\u1ec7u \u0111\u01b0\u1ee3c b\u1ea3o v\u1ec7 b\u1eb1ng h\u1ec7 th\u1ed1ng ki\u1ec3m so\u00e1t ra v\u00e0o, camera gi\u00e1m s\u00e1t v\u00e0 quy tr\u00ecnh qu\u1ea3n l\u00fd nghi\u00eam ng\u1eb7t.<\/span><\/li>\n<li>\n<h3><b>Ti\u1ebft ki\u1ec7m di\u1ec7n t\u00edch v\u0103n ph\u00f2ng<\/b><b><br \/>\n<\/b><\/h3>\n<p><span style=\"font-weight: 400\"> Kh\u00f4ng \u00edt doanh nghi\u1ec7p \u0111ang ph\u1ea3i \u201chy sinh\u201d di\u1ec7n t\u00edch v\u0103n ph\u00f2ng \u0111\u1ec3 ch\u1ea5t \u0111\u1ea7y t\u00e0i li\u1ec7u, khi\u1ebfn kh\u00f4ng gian l\u00e0m vi\u1ec7c tr\u1edf n\u00ean ch\u1eadt h\u1eb9p, k\u00e9m chuy\u00ean nghi\u1ec7p. D\u1ecbch v\u1ee5 l\u01b0u kho ngo\u00e0i v\u0103n ph\u00f2ng l\u00e0 gi\u1ea3i ph\u00e1p t\u1ed1i \u01b0u gi\u00fap ti\u1ebft ki\u1ec7m kh\u00f4ng gian, \u0111\u1ed3ng th\u1eddi t\u0103ng hi\u1ec7u qu\u1ea3 s\u1eed d\u1ee5ng m\u1eb7t b\u1eb1ng cho c\u00e1c ho\u1ea1t \u0111\u1ed9ng c\u1ed1t l\u00f5i.<\/span><\/li>\n<li>\n<h3><b>D\u1ec5 d\u00e0ng tra c\u1ee9u v\u00e0 qu\u1ea3n l\u00fd<\/b><b><br \/>\n<\/b><\/h3>\n<p><span style=\"font-weight: 400\"> V\u1edbi h\u1ec7 th\u1ed1ng qu\u1ea3n l\u00fd kho hi\u1ec7n \u0111\u1ea1i, t\u00e0i li\u1ec7u \u0111\u01b0\u1ee3c s\u1eafp x\u1ebfp khoa h\u1ecdc, g\u1eafn m\u00e3 v\u1ea1ch v\u00e0 l\u01b0u trong ph\u1ea7n m\u1ec1m qu\u1ea3n l\u00fd. \u0110i\u1ec1u n\u00e0y cho ph\u00e9p doanh nghi\u1ec7p tra c\u1ee9u, y\u00eau c\u1ea7u l\u1ea5y t\u00e0i li\u1ec7u nhanh ch\u00f3ng m\u00e0 kh\u00f4ng m\u1ea5t nhi\u1ec1u th\u1eddi gian t\u00ecm ki\u1ebfm.<\/span><\/li>\n<\/ul>\n<h2><b><i class=\"far fa-caret-square-down \" ><\/i>\u00a0<\/b><b>L\u1ee3i \u00edch khi s\u1eed d\u1ee5ng d\u1ecbch v\u1ee5 l\u01b0u kho ngo\u00e0i v\u0103n ph\u00f2ng<\/b><\/h2>\n<ul>\n<li style=\"font-weight: 400\">\n<h3><b>T\u1ed1i \u01b0u chi ph\u00ed l\u01b0u tr\u1eef: <\/b><b><\/b><b><\/b><\/h3>\n<\/li>\n<\/ul>\n<p><b><\/b><span style=\"font-weight: 400;font-size: 16px\">Thay v\u00ec \u0111\u1ea7u t\u01b0 h\u1ea1 t\u1ea7ng, k\u1ec7 t\u1ee7, b\u1ea3o v\u1ec7 v\u00e0 nh\u00e2n s\u1ef1 qu\u1ea3n l\u00fd h\u1ed3 s\u01a1, doanh nghi\u1ec7p ch\u1ec9 c\u1ea7n tr\u1ea3 ph\u00ed d\u1ecbch v\u1ee5 t\u01b0\u01a1ng \u1ee9ng nhu c\u1ea7u s\u1eed d\u1ee5ng.<\/span><\/p>\n<ul>\n<li style=\"font-weight: 400\">\n<h3><b>Chuy\u00ean nghi\u1ec7p v\u00e0 chu\u1ea9n h\u00f3a: <\/b><\/h3>\n<\/li>\n<\/ul>\n<p><b><\/b><span style=\"font-weight: 400;font-size: 16px\">H\u1ed3 s\u01a1 \u0111\u01b0\u1ee3c ph\u00e2n lo\u1ea1i, \u0111\u00f3ng g\u00f3i v\u00e0 l\u01b0u tr\u1eef theo chu\u1ea9n qu\u1ed1c t\u1ebf, \u0111\u1ea3m b\u1ea3o t\u00ednh to\u00e0n v\u1eb9n v\u00e0 \u0111\u1ed9 tin c\u1eady cao.<\/span><\/p>\n<ul>\n<li style=\"font-weight: 400\">\n<h3><b>H\u1ed7 tr\u1ee3 linh ho\u1ea1t quy tr\u00ecnh l\u01b0u tr\u1eef h\u1ed3 s\u01a1: <\/b><\/h3>\n<\/li>\n<\/ul>\n<p><b><\/b><span style=\"font-weight: 400;font-size: 16px\">Doanh nghi\u1ec7p c\u00f3 th\u1ec3 d\u1ec5 d\u00e0ng m\u1edf r\u1ed9ng ho\u1eb7c thu h\u1eb9p dung l\u01b0\u1ee3ng l\u01b0u tr\u1eef theo giai \u0111o\u1ea1n ph\u00e1t tri\u1ec3n, tr\u00e1nh l\u00e3ng ph\u00ed.<\/span><\/p>\n<ul>\n<li style=\"font-weight: 400\">\n<h3><b>D\u1ecbch v\u1ee5 \u0111i k\u00e8m: <\/b><\/h3>\n<\/li>\n<\/ul>\n<p><b><\/b><span style=\"font-weight: 400;font-size: 16px\">Ngo\u00e0i l\u01b0u tr\u1eef, nhi\u1ec1u \u0111\u01a1n v\u1ecb c\u00f2n cung c\u1ea5p d\u1ecbch v\u1ee5 s\u1ed1 h\u00f3a t\u00e0i li\u1ec7u, ti\u00eau h\u1ee7y an to\u00e0n ho\u1eb7c v\u1eadn chuy\u1ec3n h\u1ed3 s\u01a1 t\u1eadn n\u01a1i khi c\u00f3 y\u00eau c\u1ea7u.<\/span><\/p>\n<h2><b><i class=\"far fa-caret-square-down \" ><\/i>\u00a0<\/b><b>Crown Workspace \u2013 \u0110\u1ed1i t\u00e1c tin c\u1eady trong l\u01b0u tr\u1eef t\u00e0i li\u1ec7u<\/b><\/h2>\n<p><span style=\"font-weight: 400\">T\u1ea1i Crown Workspace, ch\u00fang t\u00f4i hi\u1ec3u r\u1eb1ng h\u1ed3 s\u01a1 kh\u00f4ng ch\u1ec9 l\u00e0 gi\u1ea5y t\u1edd, m\u00e0 c\u00f2n l\u00e0 <\/span><b>t\u00e0i s\u1ea3n tri th\u1ee9c v\u00e0 gi\u00e1 tr\u1ecb ph\u00e1p l\u00fd quan tr\u1ecdng<\/b><span style=\"font-weight: 400\"> c\u1ee7a doanh nghi\u1ec7p. Ch\u00ednh v\u00ec v\u1eady, Crown cung c\u1ea5p d\u1ecbch v\u1ee5 l\u01b0u tr\u1eef h\u1ed3 s\u01a1 to\u00e0n di\u1ec7n, \u0111\u1ea3m b\u1ea3o:<\/span><\/p>\n<p><b>H\u1ec7 th\u1ed1ng kho \u0111\u1ea1t chu\u1ea9n qu\u1ed1c t\u1ebf<\/b><span style=\"font-weight: 400\"> v\u1edbi ki\u1ec3m so\u00e1t nhi\u1ec7t \u0111\u1ed9, \u0111\u1ed9 \u1ea9m v\u00e0 an ninh 24\/7.<\/span><\/p>\n<p><b>Quy tr\u00ecnh qu\u1ea3n l\u00fd chuy\u00ean nghi\u1ec7p<\/b><span style=\"font-weight: 400\">, t\u1eeb \u0111\u00f3ng g\u00f3i, v\u1eadn chuy\u1ec3n \u0111\u1ebfn s\u1eafp x\u1ebfp v\u00e0 tra c\u1ee9u.<\/span><\/p>\n<p><b>D\u1ecbch v\u1ee5 nhanh ch\u00f3ng<\/b><span style=\"font-weight: 400\">, h\u1ed7 tr\u1ee3 truy xu\u1ea5t v\u00e0 giao nh\u1eadn h\u1ed3 s\u01a1 t\u1eadn n\u01a1i khi kh\u00e1ch h\u00e0ng c\u1ea7n.<\/span><\/p>\n<p><b>Gi\u1ea3i ph\u00e1p t\u00f9y ch\u1ec9nh<\/b><span style=\"font-weight: 400\">, \u0111\u00e1p \u1ee9ng nhu c\u1ea7u l\u01b0u tr\u1eef ng\u1eafn h\u1ea1n ho\u1eb7c d\u00e0i h\u1ea1n c\u1ee7a t\u1eebng doanh nghi\u1ec7p.<\/span><\/p>\n<p><span style=\"font-weight: 400\">V\u1edbi kinh nghi\u1ec7m nhi\u1ec1u n\u0103m trong l\u0129nh v\u1ef1c qu\u1ea3n l\u00fd t\u00e0i li\u1ec7u v\u00e0 v\u0103n ph\u00f2ng, Crown Workspace cam k\u1ebft mang l\u1ea1i s\u1ef1 an t\u00e2m v\u00e0 hi\u1ec7u qu\u1ea3 t\u1ed1i \u0111a cho kh\u00e1ch h\u00e0ng.<\/span><\/p>\n<h2><b><i class=\"far fa-caret-square-down \" ><\/i>\u00a0<\/b><b>Khi n\u00e0o doanh nghi\u1ec7p n\u00ean c\u00e2n nh\u1eafc thu\u00ea kho l\u01b0u tr\u1eef v\u00e0 qu\u1ea3n l\u00fd t\u00e0i li\u1ec7u?<\/b><\/h2>\n<p><span style=\"font-weight: 400\">&#8211; L\u01b0\u1ee3ng h\u1ed3 s\u01a1 ng\u00e0y c\u00e0ng t\u0103ng, chi\u1ebfm nhi\u1ec1u di\u1ec7n t\u00edch v\u0103n ph\u00f2ng?<\/span><\/p>\n<p><span style=\"font-weight: 400\">&#8211; Doanh nghi\u1ec7p chu\u1ea9n b\u1ecb di d\u1eddi v\u0103n ph\u00f2ng, c\u1ea7n n\u01a1i l\u01b0u kho t\u1ea1m th\u1eddi?<\/span><\/p>\n<p><span style=\"font-weight: 400\">&#8211; Mu\u1ed1n gi\u1ea3m chi ph\u00ed qu\u1ea3n l\u00fd h\u1ed3 s\u01a1 nh\u01b0ng v\u1eabn \u0111\u1ea3m b\u1ea3o an to\u00e0n?<\/span><\/p>\n<p><span style=\"font-weight: 400\">&#8211; C\u00f3 y\u00eau c\u1ea7u cao v\u1ec1 b\u1ea3o m\u1eadt, \u0111\u1eb7c bi\u1ec7t trong c\u00e1c ng\u00e0nh t\u00e0i ch\u00ednh, ng\u00e2n h\u00e0ng, lu\u1eadt, y t\u1ebf?<\/span><\/p>\n<p><span style=\"font-weight: 400\">&#8211; C\u1ea7n d\u1ecbch v\u1ee5 tra c\u1ee9u, v\u1eadn chuy\u1ec3n ho\u1eb7c s\u1ed1 h\u00f3a h\u1ed3 s\u01a1 chuy\u00ean nghi\u1ec7p?<\/span><\/p>\n<p><span style=\"font-weight: 400\">N\u1ebfu doanh nghi\u1ec7p c\u1ee7a b\u1ea1n \u0111ang g\u1eb7p m\u1ed9t trong c\u00e1c t\u00ecnh hu\u1ed1ng tr\u00ean, \u0111\u00e3 \u0111\u1ebfn l\u00fac c\u00e2n nh\u1eafc \u0111\u1ebfn gi\u1ea3i ph\u00e1p chuy\u00ean nghi\u1ec7p h\u01a1n thay v\u00ec t\u1ef1 l\u01b0u tr\u1eef n\u1ed9i b\u1ed9.<\/span><\/p>\n<p><span style=\"font-weight: 400\">Trong b\u1ed1i c\u1ea3nh c\u1ea1nh tranh ng\u00e0y c\u00e0ng kh\u1ed1c li\u1ec7t, vi\u1ec7c qu\u1ea3n l\u00fd t\u1ed1t h\u1ed3 s\u01a1 kh\u00f4ng ch\u1ec9 gi\u00fap doanh nghi\u1ec7p tu\u00e2n th\u1ee7 ph\u00e1p lu\u1eadt, b\u1ea3o m\u1eadt th\u00f4ng tin m\u00e0 c\u00f2n t\u1ed1i \u01b0u chi ph\u00ed v\u00e0 n\u00e2ng cao hi\u1ec7u qu\u1ea3 ho\u1ea1t \u0111\u1ed9ng. Thu\u00ea kho l\u01b0u tr\u1eef t\u00e0i li\u1ec7u th\u00f4ng qua m\u1ed9t \u0111\u01a1n v\u1ecb uy t\u00edn nh\u01b0 Crown Workspace ch\u00ednh l\u00e0 l\u1ef1a ch\u1ecdn th\u00f4ng minh v\u00e0 b\u1ec1n v\u1eefng.<\/span><\/p>\n<p><b><i class=\"fas fa-caret-right \" ><\/i> Kh\u00e1m ph\u00e1 ngay <\/b><a href=\"https:\/\/crownworkspace.com\/vn\/services\/giai-phap-luu-tru-an-toan\/\"><b>gi\u1ea3i ph\u00e1p l\u01b0u tr\u1eef an to\u00e0n c\u1ee7a Crown Workspace<\/b><\/a><b> \u0111\u1ec3 \u0111\u1ea3m b\u1ea3o h\u1ed3 s\u01a1 c\u00f4ng ty b\u1ea1n lu\u00f4n \u0111\u01b0\u1ee3c b\u1ea3o v\u1ec7 v\u00e0 s\u1eb5n s\u00e0ng khi c\u1ea7n.<\/b><\/p>\n","protected":false},"excerpt":{"rendered":"<p>Gi\u1ea3i Ph\u00e1p L\u01b0u Tr\u1eef H\u1ed3 S\u01a1 D\u00e0nh Cho Doanh Nghi\u1ec7p \u2013 C\u1ea7n G\u00ec V\u00e0 T\u1ea1i Sao Quan Tr\u1ecdng? Trong th\u1eddi \u0111\u1ea1i s\u1ed1 h\u00f3a, nhi\u1ec1u doanh nghi\u1ec7p \u0111ang d\u1ea7n chuy\u1ec3n \u0111\u1ed5i c\u00e1ch qu\u1ea3n l\u00fd t\u00e0i li\u1ec7u. Tuy nhi\u00ean, th\u1ef1c t\u1ebf cho th\u1ea5y m\u1ed9t l\u01b0\u1ee3ng l\u1edbn h\u1ed3 s\u01a1 gi\u1ea5y v\u1eabn \u0111\u00f3ng vai tr\u00f2 quan tr\u1ecdng trong ho\u1ea1t [&hellip;]<\/p>\n","protected":false},"author":69,"featured_media":0,"parent":0,"menu_order":0,"comment_status":"closed","ping_status":"closed","template":"","meta":{"_acf_changed":false,"footnotes":""},"class_list":["post-4666","page","type-page","status-publish","hentry"],"acf":[],"yoast_head":"<!-- This site is optimized with the Yoast SEO Premium plugin v27.2 (Yoast SEO v27.2) - https:\/\/yoast.com\/product\/yoast-seo-premium-wordpress\/ -->\n<title>L\u01b0u Tr\u1eef H\u1ed3 S\u01a1 - Gi\u1ea3i Ph\u00e1p Cho Doanh Nghi\u1ec7p | Crown Workspace Vietnam<\/title>\n<meta name=\"description\" content=\"L\u00e0m th\u1ebf n\u00e0o \u0111\u1ec3 v\u1eeba \u0111\u1ea3m b\u1ea3o an to\u00e0n, v\u1eeba t\u1ed1i \u01b0u chi ph\u00ed, v\u1eeba d\u1ec5 d\u00e0ng truy xu\u1ea5t khi c\u1ea7n thi\u1ebft? T\u00ecm hi\u1ec3u gi\u1ea3i ph\u00e1p l\u01b0u tr\u1eef h\u1ed3 s\u01a1 c\u00f9ng Crown.\" \/>\n<meta name=\"robots\" content=\"index, follow, max-snippet:-1, max-image-preview:large, max-video-preview:-1\" \/>\n<link rel=\"canonical\" href=\"https:\/\/crownworkspace.com\/vn\/giai-phap-luu-tru-ho-so\/\" \/>\n<meta property=\"og:locale\" content=\"en_GB\" \/>\n<meta property=\"og:type\" content=\"article\" \/>\n<meta property=\"og:title\" content=\"[Blog] Gi\u1ea3i Ph\u00e1p L\u01b0u Tr\u1eef H\u1ed3 S\u01a1\" \/>\n<meta property=\"og:description\" content=\"L\u00e0m th\u1ebf n\u00e0o \u0111\u1ec3 v\u1eeba \u0111\u1ea3m b\u1ea3o an to\u00e0n, v\u1eeba t\u1ed1i \u01b0u chi ph\u00ed, v\u1eeba d\u1ec5 d\u00e0ng truy xu\u1ea5t khi c\u1ea7n thi\u1ebft? T\u00ecm hi\u1ec3u gi\u1ea3i ph\u00e1p l\u01b0u tr\u1eef h\u1ed3 s\u01a1 c\u00f9ng Crown.\" \/>\n<meta property=\"og:url\" content=\"https:\/\/crownworkspace.com\/vn\/giai-phap-luu-tru-ho-so\/\" \/>\n<meta property=\"og:site_name\" content=\"Crown Workspace Vietnam\" \/>\n<meta property=\"article:modified_time\" content=\"2025-09-10T08:31:07+00:00\" \/>\n<meta property=\"og:image\" content=\"https:\/\/crownworkspace.com\/vn\/wp-content\/uploads\/sites\/16\/2025\/08\/486204016_122141515370573196_4735772505235998998_n-300x169.jpg\" \/>\n<meta name=\"twitter:card\" content=\"summary_large_image\" \/>\n<meta name=\"twitter:label1\" content=\"Est. reading time\" \/>\n\t<meta name=\"twitter:data1\" content=\"5 minutes\" \/>\n<script type=\"application\/ld+json\" class=\"yoast-schema-graph\">{\"@context\":\"https:\/\/schema.org\",\"@graph\":[{\"@type\":\"WebPage\",\"@id\":\"https:\/\/crownworkspace.com\/vn\/giai-phap-luu-tru-ho-so\/\",\"url\":\"https:\/\/crownworkspace.com\/vn\/giai-phap-luu-tru-ho-so\/\",\"name\":\"L\u01b0u Tr\u1eef H\u1ed3 S\u01a1 - Gi\u1ea3i Ph\u00e1p Cho Doanh Nghi\u1ec7p | Crown Workspace Vietnam\",\"isPartOf\":{\"@id\":\"https:\/\/crownworkspace.com\/vn\/#website\"},\"primaryImageOfPage\":{\"@id\":\"https:\/\/crownworkspace.com\/vn\/giai-phap-luu-tru-ho-so\/#primaryimage\"},\"image\":{\"@id\":\"https:\/\/crownworkspace.com\/vn\/giai-phap-luu-tru-ho-so\/#primaryimage\"},\"thumbnailUrl\":\"https:\/\/crownworkspace.com\/vn\/wp-content\/uploads\/sites\/16\/2025\/08\/486204016_122141515370573196_4735772505235998998_n-300x169.jpg\",\"datePublished\":\"2025-08-28T08:10:01+00:00\",\"dateModified\":\"2025-09-10T08:31:07+00:00\",\"description\":\"L\u00e0m th\u1ebf n\u00e0o \u0111\u1ec3 v\u1eeba \u0111\u1ea3m b\u1ea3o an to\u00e0n, v\u1eeba t\u1ed1i \u01b0u chi ph\u00ed, v\u1eeba d\u1ec5 d\u00e0ng truy xu\u1ea5t khi c\u1ea7n thi\u1ebft? T\u00ecm hi\u1ec3u gi\u1ea3i ph\u00e1p l\u01b0u tr\u1eef h\u1ed3 s\u01a1 c\u00f9ng Crown.\",\"breadcrumb\":{\"@id\":\"https:\/\/crownworkspace.com\/vn\/giai-phap-luu-tru-ho-so\/#breadcrumb\"},\"inLanguage\":\"en-GB\",\"potentialAction\":[{\"@type\":\"ReadAction\",\"target\":[\"https:\/\/crownworkspace.com\/vn\/giai-phap-luu-tru-ho-so\/\"]}]},{\"@type\":\"ImageObject\",\"inLanguage\":\"en-GB\",\"@id\":\"https:\/\/crownworkspace.com\/vn\/giai-phap-luu-tru-ho-so\/#primaryimage\",\"url\":\"https:\/\/crownworkspace.com\/vn\/wp-content\/uploads\/sites\/16\/2025\/08\/486204016_122141515370573196_4735772505235998998_n.jpg\",\"contentUrl\":\"https:\/\/crownworkspace.com\/vn\/wp-content\/uploads\/sites\/16\/2025\/08\/486204016_122141515370573196_4735772505235998998_n.jpg\",\"width\":1280,\"height\":720,\"caption\":\"d\u1ecbch v\u1ee5 l\u01b0u tr\u1eef h\u1ed3 s\u01a1 t\u1ea1i Crown Vi\u1ec7t Nam\"},{\"@type\":\"BreadcrumbList\",\"@id\":\"https:\/\/crownworkspace.com\/vn\/giai-phap-luu-tru-ho-so\/#breadcrumb\",\"itemListElement\":[{\"@type\":\"ListItem\",\"position\":1,\"name\":\"Home\",\"item\":\"https:\/\/crownworkspace.com\/vn\/\"},{\"@type\":\"ListItem\",\"position\":2,\"name\":\"[Blog] Gi\u1ea3i Ph\u00e1p L\u01b0u Tr\u1eef H\u1ed3 S\u01a1\"}]},{\"@type\":\"WebSite\",\"@id\":\"https:\/\/crownworkspace.com\/vn\/#website\",\"url\":\"https:\/\/crownworkspace.com\/vn\/\",\"name\":\"Crown Workspace Vietnam\",\"description\":\"Workplace Relocations\",\"potentialAction\":[{\"@type\":\"SearchAction\",\"target\":{\"@type\":\"EntryPoint\",\"urlTemplate\":\"https:\/\/crownworkspace.com\/vn\/?s={search_term_string}\"},\"query-input\":{\"@type\":\"PropertyValueSpecification\",\"valueRequired\":true,\"valueName\":\"search_term_string\"}}],\"inLanguage\":\"en-GB\"}]}<\/script>\n<!-- \/ Yoast SEO Premium plugin. -->","yoast_head_json":{"title":"L\u01b0u Tr\u1eef H\u1ed3 S\u01a1 - Gi\u1ea3i Ph\u00e1p Cho Doanh Nghi\u1ec7p | Crown Workspace Vietnam","description":"L\u00e0m th\u1ebf n\u00e0o \u0111\u1ec3 v\u1eeba \u0111\u1ea3m b\u1ea3o an to\u00e0n, v\u1eeba t\u1ed1i \u01b0u chi ph\u00ed, v\u1eeba d\u1ec5 d\u00e0ng truy xu\u1ea5t khi c\u1ea7n thi\u1ebft? T\u00ecm hi\u1ec3u gi\u1ea3i ph\u00e1p l\u01b0u tr\u1eef h\u1ed3 s\u01a1 c\u00f9ng Crown.","robots":{"index":"index","follow":"follow","max-snippet":"max-snippet:-1","max-image-preview":"max-image-preview:large","max-video-preview":"max-video-preview:-1"},"canonical":"https:\/\/crownworkspace.com\/vn\/giai-phap-luu-tru-ho-so\/","og_locale":"en_GB","og_type":"article","og_title":"[Blog] Gi\u1ea3i Ph\u00e1p L\u01b0u Tr\u1eef H\u1ed3 S\u01a1","og_description":"L\u00e0m th\u1ebf n\u00e0o \u0111\u1ec3 v\u1eeba \u0111\u1ea3m b\u1ea3o an to\u00e0n, v\u1eeba t\u1ed1i \u01b0u chi ph\u00ed, v\u1eeba d\u1ec5 d\u00e0ng truy xu\u1ea5t khi c\u1ea7n thi\u1ebft? T\u00ecm hi\u1ec3u gi\u1ea3i ph\u00e1p l\u01b0u tr\u1eef h\u1ed3 s\u01a1 c\u00f9ng Crown.","og_url":"https:\/\/crownworkspace.com\/vn\/giai-phap-luu-tru-ho-so\/","og_site_name":"Crown Workspace Vietnam","article_modified_time":"2025-09-10T08:31:07+00:00","og_image":[{"url":"https:\/\/crownworkspace.com\/vn\/wp-content\/uploads\/sites\/16\/2025\/08\/486204016_122141515370573196_4735772505235998998_n-300x169.jpg","type":"","width":"","height":""}],"twitter_card":"summary_large_image","twitter_misc":{"Est. reading time":"5 minutes"},"schema":{"@context":"https:\/\/schema.org","@graph":[{"@type":"WebPage","@id":"https:\/\/crownworkspace.com\/vn\/giai-phap-luu-tru-ho-so\/","url":"https:\/\/crownworkspace.com\/vn\/giai-phap-luu-tru-ho-so\/","name":"L\u01b0u Tr\u1eef H\u1ed3 S\u01a1 - Gi\u1ea3i Ph\u00e1p Cho Doanh Nghi\u1ec7p | Crown Workspace Vietnam","isPartOf":{"@id":"https:\/\/crownworkspace.com\/vn\/#website"},"primaryImageOfPage":{"@id":"https:\/\/crownworkspace.com\/vn\/giai-phap-luu-tru-ho-so\/#primaryimage"},"image":{"@id":"https:\/\/crownworkspace.com\/vn\/giai-phap-luu-tru-ho-so\/#primaryimage"},"thumbnailUrl":"https:\/\/crownworkspace.com\/vn\/wp-content\/uploads\/sites\/16\/2025\/08\/486204016_122141515370573196_4735772505235998998_n-300x169.jpg","datePublished":"2025-08-28T08:10:01+00:00","dateModified":"2025-09-10T08:31:07+00:00","description":"L\u00e0m th\u1ebf n\u00e0o \u0111\u1ec3 v\u1eeba \u0111\u1ea3m b\u1ea3o an to\u00e0n, v\u1eeba t\u1ed1i \u01b0u chi ph\u00ed, v\u1eeba d\u1ec5 d\u00e0ng truy xu\u1ea5t khi c\u1ea7n thi\u1ebft? T\u00ecm hi\u1ec3u gi\u1ea3i ph\u00e1p l\u01b0u tr\u1eef h\u1ed3 s\u01a1 c\u00f9ng Crown.","breadcrumb":{"@id":"https:\/\/crownworkspace.com\/vn\/giai-phap-luu-tru-ho-so\/#breadcrumb"},"inLanguage":"en-GB","potentialAction":[{"@type":"ReadAction","target":["https:\/\/crownworkspace.com\/vn\/giai-phap-luu-tru-ho-so\/"]}]},{"@type":"ImageObject","inLanguage":"en-GB","@id":"https:\/\/crownworkspace.com\/vn\/giai-phap-luu-tru-ho-so\/#primaryimage","url":"https:\/\/crownworkspace.com\/vn\/wp-content\/uploads\/sites\/16\/2025\/08\/486204016_122141515370573196_4735772505235998998_n.jpg","contentUrl":"https:\/\/crownworkspace.com\/vn\/wp-content\/uploads\/sites\/16\/2025\/08\/486204016_122141515370573196_4735772505235998998_n.jpg","width":1280,"height":720,"caption":"d\u1ecbch v\u1ee5 l\u01b0u tr\u1eef h\u1ed3 s\u01a1 t\u1ea1i Crown Vi\u1ec7t Nam"},{"@type":"BreadcrumbList","@id":"https:\/\/crownworkspace.com\/vn\/giai-phap-luu-tru-ho-so\/#breadcrumb","itemListElement":[{"@type":"ListItem","position":1,"name":"Home","item":"https:\/\/crownworkspace.com\/vn\/"},{"@type":"ListItem","position":2,"name":"[Blog] Gi\u1ea3i Ph\u00e1p L\u01b0u Tr\u1eef H\u1ed3 S\u01a1"}]},{"@type":"WebSite","@id":"https:\/\/crownworkspace.com\/vn\/#website","url":"https:\/\/crownworkspace.com\/vn\/","name":"Crown Workspace Vietnam","description":"Workplace Relocations","potentialAction":[{"@type":"SearchAction","target":{"@type":"EntryPoint","urlTemplate":"https:\/\/crownworkspace.com\/vn\/?s={search_term_string}"},"query-input":{"@type":"PropertyValueSpecification","valueRequired":true,"valueName":"search_term_string"}}],"inLanguage":"en-GB"}]}},"lang":"vi","translations":{"vi":4666},"pll_sync_post":[],"_links":{"self":[{"href":"https:\/\/crownworkspace.com\/vn\/wp-json\/wp\/v2\/pages\/4666","targetHints":{"allow":["GET"]}}],"collection":[{"href":"https:\/\/crownworkspace.com\/vn\/wp-json\/wp\/v2\/pages"}],"about":[{"href":"https:\/\/crownworkspace.com\/vn\/wp-json\/wp\/v2\/types\/page"}],"author":[{"embeddable":true,"href":"https:\/\/crownworkspace.com\/vn\/wp-json\/wp\/v2\/users\/69"}],"replies":[{"embeddable":true,"href":"https:\/\/crownworkspace.com\/vn\/wp-json\/wp\/v2\/comments?post=4666"}],"version-history":[{"count":0,"href":"https:\/\/crownworkspace.com\/vn\/wp-json\/wp\/v2\/pages\/4666\/revisions"}],"wp:attachment":[{"href":"https:\/\/crownworkspace.com\/vn\/wp-json\/wp\/v2\/media?parent=4666"}],"curies":[{"name":"wp","href":"https:\/\/api.w.org\/{rel}","templated":true}]}}